
{"id":955,"date":"2021-07-25T23:46:02","date_gmt":"2021-07-25T23:46:02","guid":{"rendered":"https:\/\/traildog-pet.com\/?post_type=product&#038;p=955"},"modified":"2024-11-28T13:44:29","modified_gmt":"2024-11-28T13:44:29","slug":"correa-grip-on-3-posiciones","status":"publish","type":"product","link":"https:\/\/traildog-pet.com\/?product=correa-grip-on-3-posiciones","title":{"rendered":"Correa Grip On 3 Posiciones"},"content":{"rendered":"<p><span style=\"color: #ffffff;\"><strong>La correa Grip On 2020 en 3 posiciones, es la nueva versi\u00f3n de las correa engomadas Grip On, de las temporadas anteriores.<br \/>\n<\/strong><\/span><\/p>\n<p><span style=\"color: #ffffff;\"><strong>Se a desarrollado una nueva cinta engomada, dise\u00f1o patentado de TRAILDOG, es \u00fanica en el mercado.<\/strong><\/span><\/p>\n<p><span style=\"color: #ffffff;\"><strong>Muy ligera y muy resistente, gracias al nuevo dise\u00f1o del material de la correa.<\/strong><\/span><\/p>\n<p><span style=\"color: #ffffff;\"><strong>Su grip engomado se ha mejorado, este se pega a tu mano, no se patina, y es muy duradero.<\/strong><\/span><\/p>\n<p><span style=\"color: #ffffff;\"><strong>Los mosquetones son de Aleaci\u00f3n de aluminio, ya probado en nuestros productos, y son excepcionales, mucho mas resistente que un mosquet\u00f3n de fundici\u00f3n.<\/strong><\/span><\/p>\n<h2><span style=\"color: #ffffff;\"><strong>Rese\u00f1a:<\/strong><\/span><\/h2>\n<p><span style=\"color: #ffffff;\"><strong>Hemos probado el nuevo material, durante un largo tiempo, y la correa se ha comportado excelente, agradable al tacto, ligera y muy resistente.<\/strong><\/span><\/p>\n<p><span style=\"color: #ffffff;\"><strong>Una correa ideal, para correas largas, en el ejemplo de 10 o 15 metros, no pesan, y se siente fuerte en todo momento.<\/strong><\/span><\/p>\n<p><span style=\"color: #ffffff;\"><strong>Una correa de trabajo que siempre debe estar en el bolso de todo educador, o profesional del trabajo canino.<\/strong><\/span><\/p>\n","protected":false},"excerpt":{"rendered":"<p><span style=\"color: #ffffff;\"><strong>Correa Grip On, de nylon engomada en 3 posiciones<br \/>\n<\/strong><\/span><\/p>\n<div id=\"product-description-short-169\" class=\"product-short-description\">\n<p><span style=\"color: #ffffff;\"><strong>Color negro y 2 lineas grises<\/strong><\/span><\/p>\n<p><span style=\"color: #ffffff;\"><strong>Mosqueton super liviano de aleaci\u00f3n de aluminio, y muy resistente<\/strong><\/span><\/p>\n<p><span style=\"color: #000000;\"><strong><span style=\"color: #ffffff;\">Largos 2,2 y versi\u00f3n larga de 3 metros<\/span><br \/>\n<\/strong><\/span><\/p>\n<p><span style=\"color: #000000;\"><strong>Ancho: 20 mm y 15 mm.<br \/>\n<\/strong><\/span><\/p>\n<\/div>\n","protected":false},"featured_media":1396,"template":"","meta":{"neve_meta_sidebar":"","neve_meta_container":"","neve_meta_enable_content_width":"off","neve_meta_content_width":100,"neve_meta_title_alignment":"","neve_meta_author_avatar":"","neve_post_elements_order":"","neve_meta_disable_header":"","neve_meta_disable_footer":"","neve_meta_disable_title":""},"product_brand":[],"product_cat":[34,130,118],"product_tag":[98,100,96,99,103,102,97,101],"class_list":{"0":"post-955","1":"product","2":"type-product","3":"status-publish","4":"has-post-thumbnail","6":"product_cat-correas","7":"product_cat-entreno","8":"product_cat-flat","9":"product_tag-3-posiciones","10":"product_tag-cinta","11":"product_tag-correa","12":"product_tag-goma","13":"product_tag-mosqueton-escalada","14":"product_tag-mosqueton-normal","15":"product_tag-perro","16":"product_tag-tela","18":"first","19":"instock","20":"taxable","21":"shipping-taxable","22":"purchasable","23":"product-type-variable"},"yoast_head":"<!-- This site is optimized with the Yoast SEO plugin v27.4 - https:\/\/yoast.com\/product\/yoast-seo-wordpress\/ -->\n<title>Correa Grip On 3 Posiciones - Traildog<\/title>\n<meta name=\"robots\" content=\"index, follow, max-snippet:-1, max-image-preview:large, max-video-preview:-1\" \/>\n<link rel=\"canonical\" href=\"https:\/\/traildog-pet.com\/?product=correa-grip-on-3-posiciones\" \/>\n<meta property=\"og:locale\" content=\"es_ES\" \/>\n<meta property=\"og:type\" content=\"article\" \/>\n<meta property=\"og:title\" content=\"Correa Grip On 3 Posiciones - Traildog\" \/>\n<meta property=\"og:description\" content=\"Correa Grip On, de nylon engomada en 3 posiciones    Color negro y 2 lineas grises  Mosqueton super liviano de aleaci\u00f3n de aluminio, y muy resistente  Largos 2,2 y versi\u00f3n larga de 3 metros   Ancho: 20 mm y 15 mm.\" \/>\n<meta property=\"og:url\" content=\"https:\/\/traildog-pet.com\/?product=correa-grip-on-3-posiciones\" \/>\n<meta property=\"og:site_name\" content=\"Traildog\" \/>\n<meta property=\"article:publisher\" content=\"https:\/\/www.facebook.com\/traildogpet\" \/>\n<meta property=\"article:modified_time\" content=\"2024-11-28T13:44:29+00:00\" \/>\n<meta property=\"og:image\" content=\"https:\/\/traildog-pet.com\/wp-content\/uploads\/2021\/07\/Correa-Grip-On-3-Posiciones-negra.jpeg\" \/>\n\t<meta property=\"og:image:width\" content=\"600\" \/>\n\t<meta property=\"og:image:height\" content=\"600\" \/>\n\t<meta property=\"og:image:type\" content=\"image\/jpeg\" \/>\n<meta name=\"twitter:card\" content=\"summary_large_image\" \/>\n<meta name=\"twitter:label1\" content=\"Tiempo de lectura\" \/>\n\t<meta name=\"twitter:data1\" content=\"1 minuto\" \/>\n<script type=\"application\/ld+json\" class=\"yoast-schema-graph\">{\"@context\":\"https:\\\/\\\/schema.org\",\"@graph\":[{\"@type\":\"WebPage\",\"@id\":\"https:\\\/\\\/traildog-pet.com\\\/?product=correa-grip-on-3-posiciones\",\"url\":\"https:\\\/\\\/traildog-pet.com\\\/?product=correa-grip-on-3-posiciones\",\"name\":\"Correa Grip On 3 Posiciones - Traildog\",\"isPartOf\":{\"@id\":\"https:\\\/\\\/traildog-pet.com\\\/#website\"},\"primaryImageOfPage\":{\"@id\":\"https:\\\/\\\/traildog-pet.com\\\/?product=correa-grip-on-3-posiciones#primaryimage\"},\"image\":{\"@id\":\"https:\\\/\\\/traildog-pet.com\\\/?product=correa-grip-on-3-posiciones#primaryimage\"},\"thumbnailUrl\":\"https:\\\/\\\/traildog-pet.com\\\/wp-content\\\/uploads\\\/2021\\\/07\\\/Correa-Grip-On-3-Posiciones-negra.jpeg\",\"datePublished\":\"2021-07-25T23:46:02+00:00\",\"dateModified\":\"2024-11-28T13:44:29+00:00\",\"breadcrumb\":{\"@id\":\"https:\\\/\\\/traildog-pet.com\\\/?product=correa-grip-on-3-posiciones#breadcrumb\"},\"inLanguage\":\"es\",\"potentialAction\":[{\"@type\":\"ReadAction\",\"target\":[\"https:\\\/\\\/traildog-pet.com\\\/?product=correa-grip-on-3-posiciones\"]}]},{\"@type\":\"ImageObject\",\"inLanguage\":\"es\",\"@id\":\"https:\\\/\\\/traildog-pet.com\\\/?product=correa-grip-on-3-posiciones#primaryimage\",\"url\":\"https:\\\/\\\/traildog-pet.com\\\/wp-content\\\/uploads\\\/2021\\\/07\\\/Correa-Grip-On-3-Posiciones-negra.jpeg\",\"contentUrl\":\"https:\\\/\\\/traildog-pet.com\\\/wp-content\\\/uploads\\\/2021\\\/07\\\/Correa-Grip-On-3-Posiciones-negra.jpeg\",\"width\":600,\"height\":600},{\"@type\":\"BreadcrumbList\",\"@id\":\"https:\\\/\\\/traildog-pet.com\\\/?product=correa-grip-on-3-posiciones#breadcrumb\",\"itemListElement\":[{\"@type\":\"ListItem\",\"position\":1,\"name\":\"Portada\",\"item\":\"https:\\\/\\\/traildog-pet.com\\\/\"},{\"@type\":\"ListItem\",\"position\":2,\"name\":\"Tienda\",\"item\":\"https:\\\/\\\/traildog-pet.com\\\/?page_id=6\"},{\"@type\":\"ListItem\",\"position\":3,\"name\":\"Correa Grip On 3 Posiciones\"}]},{\"@type\":\"WebSite\",\"@id\":\"https:\\\/\\\/traildog-pet.com\\\/#website\",\"url\":\"https:\\\/\\\/traildog-pet.com\\\/\",\"name\":\"Traildog\",\"description\":\"Traildog\",\"publisher\":{\"@id\":\"https:\\\/\\\/traildog-pet.com\\\/#organization\"},\"alternateName\":\"Equipamiento para el sector del mundo canino.\",\"potentialAction\":[{\"@type\":\"SearchAction\",\"target\":{\"@type\":\"EntryPoint\",\"urlTemplate\":\"https:\\\/\\\/traildog-pet.com\\\/?s={search_term_string}\"},\"query-input\":{\"@type\":\"PropertyValueSpecification\",\"valueRequired\":true,\"valueName\":\"search_term_string\"}}],\"inLanguage\":\"es\"},{\"@type\":\"Organization\",\"@id\":\"https:\\\/\\\/traildog-pet.com\\\/#organization\",\"name\":\"Traildog Pet Products\",\"alternateName\":\"Venta de accesorios para las mascotas, esclusivos para profesionales(Tiendas, Adiestradores, Educadores y Clinicas veterinarias.)\",\"url\":\"https:\\\/\\\/traildog-pet.com\\\/\",\"logo\":{\"@type\":\"ImageObject\",\"inLanguage\":\"es\",\"@id\":\"https:\\\/\\\/traildog-pet.com\\\/#\\\/schema\\\/logo\\\/image\\\/\",\"url\":\"https:\\\/\\\/traildog-pet.com\\\/wp-content\\\/uploads\\\/2022\\\/11\\\/TrailDog2.3.jpg\",\"contentUrl\":\"https:\\\/\\\/traildog-pet.com\\\/wp-content\\\/uploads\\\/2022\\\/11\\\/TrailDog2.3.jpg\",\"width\":596,\"height\":113,\"caption\":\"Traildog Pet Products\"},\"image\":{\"@id\":\"https:\\\/\\\/traildog-pet.com\\\/#\\\/schema\\\/logo\\\/image\\\/\"},\"sameAs\":[\"https:\\\/\\\/www.facebook.com\\\/traildogpet\",\"https:\\\/\\\/www.linkedin.com\\\/traildogPetProducts\"]}]}<\/script>\n<!-- \/ Yoast SEO plugin. -->","yoast_head_json":{"title":"Correa Grip On 3 Posiciones - Traildog","robots":{"index":"index","follow":"follow","max-snippet":"max-snippet:-1","max-image-preview":"max-image-preview:large","max-video-preview":"max-video-preview:-1"},"canonical":"https:\/\/traildog-pet.com\/?product=correa-grip-on-3-posiciones","og_locale":"es_ES","og_type":"article","og_title":"Correa Grip On 3 Posiciones - Traildog","og_description":"Correa Grip On, de nylon engomada en 3 posiciones    Color negro y 2 lineas grises  Mosqueton super liviano de aleaci\u00f3n de aluminio, y muy resistente  Largos 2,2 y versi\u00f3n larga de 3 metros   Ancho: 20 mm y 15 mm.","og_url":"https:\/\/traildog-pet.com\/?product=correa-grip-on-3-posiciones","og_site_name":"Traildog","article_publisher":"https:\/\/www.facebook.com\/traildogpet","article_modified_time":"2024-11-28T13:44:29+00:00","og_image":[{"width":600,"height":600,"url":"https:\/\/traildog-pet.com\/wp-content\/uploads\/2021\/07\/Correa-Grip-On-3-Posiciones-negra.jpeg","type":"image\/jpeg"}],"twitter_card":"summary_large_image","twitter_misc":{"Tiempo de lectura":"1 minuto"},"schema":{"@context":"https:\/\/schema.org","@graph":[{"@type":"WebPage","@id":"https:\/\/traildog-pet.com\/?product=correa-grip-on-3-posiciones","url":"https:\/\/traildog-pet.com\/?product=correa-grip-on-3-posiciones","name":"Correa Grip On 3 Posiciones - Traildog","isPartOf":{"@id":"https:\/\/traildog-pet.com\/#website"},"primaryImageOfPage":{"@id":"https:\/\/traildog-pet.com\/?product=correa-grip-on-3-posiciones#primaryimage"},"image":{"@id":"https:\/\/traildog-pet.com\/?product=correa-grip-on-3-posiciones#primaryimage"},"thumbnailUrl":"https:\/\/traildog-pet.com\/wp-content\/uploads\/2021\/07\/Correa-Grip-On-3-Posiciones-negra.jpeg","datePublished":"2021-07-25T23:46:02+00:00","dateModified":"2024-11-28T13:44:29+00:00","breadcrumb":{"@id":"https:\/\/traildog-pet.com\/?product=correa-grip-on-3-posiciones#breadcrumb"},"inLanguage":"es","potentialAction":[{"@type":"ReadAction","target":["https:\/\/traildog-pet.com\/?product=correa-grip-on-3-posiciones"]}]},{"@type":"ImageObject","inLanguage":"es","@id":"https:\/\/traildog-pet.com\/?product=correa-grip-on-3-posiciones#primaryimage","url":"https:\/\/traildog-pet.com\/wp-content\/uploads\/2021\/07\/Correa-Grip-On-3-Posiciones-negra.jpeg","contentUrl":"https:\/\/traildog-pet.com\/wp-content\/uploads\/2021\/07\/Correa-Grip-On-3-Posiciones-negra.jpeg","width":600,"height":600},{"@type":"BreadcrumbList","@id":"https:\/\/traildog-pet.com\/?product=correa-grip-on-3-posiciones#breadcrumb","itemListElement":[{"@type":"ListItem","position":1,"name":"Portada","item":"https:\/\/traildog-pet.com\/"},{"@type":"ListItem","position":2,"name":"Tienda","item":"https:\/\/traildog-pet.com\/?page_id=6"},{"@type":"ListItem","position":3,"name":"Correa Grip On 3 Posiciones"}]},{"@type":"WebSite","@id":"https:\/\/traildog-pet.com\/#website","url":"https:\/\/traildog-pet.com\/","name":"Traildog","description":"Traildog","publisher":{"@id":"https:\/\/traildog-pet.com\/#organization"},"alternateName":"Equipamiento para el sector del mundo canino.","potentialAction":[{"@type":"SearchAction","target":{"@type":"EntryPoint","urlTemplate":"https:\/\/traildog-pet.com\/?s={search_term_string}"},"query-input":{"@type":"PropertyValueSpecification","valueRequired":true,"valueName":"search_term_string"}}],"inLanguage":"es"},{"@type":"Organization","@id":"https:\/\/traildog-pet.com\/#organization","name":"Traildog Pet Products","alternateName":"Venta de accesorios para las mascotas, esclusivos para profesionales(Tiendas, Adiestradores, Educadores y Clinicas veterinarias.)","url":"https:\/\/traildog-pet.com\/","logo":{"@type":"ImageObject","inLanguage":"es","@id":"https:\/\/traildog-pet.com\/#\/schema\/logo\/image\/","url":"https:\/\/traildog-pet.com\/wp-content\/uploads\/2022\/11\/TrailDog2.3.jpg","contentUrl":"https:\/\/traildog-pet.com\/wp-content\/uploads\/2022\/11\/TrailDog2.3.jpg","width":596,"height":113,"caption":"Traildog Pet Products"},"image":{"@id":"https:\/\/traildog-pet.com\/#\/schema\/logo\/image\/"},"sameAs":["https:\/\/www.facebook.com\/traildogpet","https:\/\/www.linkedin.com\/traildogPetProducts"]}]}},"_links":{"self":[{"href":"https:\/\/traildog-pet.com\/index.php?rest_route=\/wp\/v2\/product\/955","targetHints":{"allow":["GET"]}}],"collection":[{"href":"https:\/\/traildog-pet.com\/index.php?rest_route=\/wp\/v2\/product"}],"about":[{"href":"https:\/\/traildog-pet.com\/index.php?rest_route=\/wp\/v2\/types\/product"}],"wp:featuredmedia":[{"embeddable":true,"href":"https:\/\/traildog-pet.com\/index.php?rest_route=\/wp\/v2\/media\/1396"}],"wp:attachment":[{"href":"https:\/\/traildog-pet.com\/index.php?rest_route=%2Fwp%2Fv2%2Fmedia&parent=955"}],"wp:term":[{"taxonomy":"product_brand","embeddable":true,"href":"https:\/\/traildog-pet.com\/index.php?rest_route=%2Fwp%2Fv2%2Fproduct_brand&post=955"},{"taxonomy":"product_cat","embeddable":true,"href":"https:\/\/traildog-pet.com\/index.php?rest_route=%2Fwp%2Fv2%2Fproduct_cat&post=955"},{"taxonomy":"product_tag","embeddable":true,"href":"https:\/\/traildog-pet.com\/index.php?rest_route=%2Fwp%2Fv2%2Fproduct_tag&post=955"}],"curies":[{"name":"wp","href":"https:\/\/api.w.org\/{rel}","templated":true}]}}