
{"id":1416,"date":"2022-05-22T13:44:48","date_gmt":"2022-05-22T13:44:48","guid":{"rendered":"https:\/\/traildog-pet.com\/?post_type=product&#038;p=1416"},"modified":"2022-11-19T19:17:20","modified_gmt":"2022-11-19T19:17:20","slug":"arnes-tactico-y-deportivo-perro","status":"publish","type":"product","link":"https:\/\/traildog-pet.com\/?product=arnes-tactico-y-deportivo-perro","title":{"rendered":"Arnes Evolution Sport"},"content":{"rendered":"<p>Arnes polivalente para perro. El arn\u00e9s Evolution Sport, esta contruido con materiales de gran calidad.<\/p>\n<p>Este producto est\u00e1 dise\u00f1ado, para practicar deporte con tu perro, como canicross, mantrailing, o escursiones por la monta\u00f1a, etc.<\/p>\n<p>Pero tambi\u00e9n es muy practico, para ser usado en la ciudad, en el coche, o cualquier actividad, que se nos ocurra hacer.<\/p>\n<p>Su nuevo dise\u00f1o es muy ergonomico y comodo, sujeta muy bien el pecho del perro, cuando este tira.<\/p>\n<p>Dos anclajes superiores y uno en el pecho, contribuyen a una sujeci\u00f3n optima, la sujeci\u00f3n del pecho, sirve, para ser usado, como arnes, anti tirones.<\/p>\n<p>El asa de sujeci\u00f3n ha sido redise\u00f1ada, ahora es mas comoda al tacto, y mas eficiente. Contiene bot\u00f3n de bloqueo para anularla.<\/p>\n<p>Los materiales reflectantes, son de gran calidad, hasta brillan con la luz directa del sol.<\/p>\n<p>En la zona del ultimo anclaje, detras del asa, contiene una lengua, para que apoye el mosquet\u00f3n sobre el arnes, y no sobre el perro.<\/p>\n<p>La pechera es de gran tama\u00f1o y c\u00f3moda, sujeta muy bien al perro, con tejido mesh en el interior, para mayor ventilaci\u00f3n<\/p>\n<p>Detalles de polipiel, en el pecho y en la parte superior, le da una nueva personalidad, a un producto, que estamos seguro cumplir\u00e1 con todas sus espectativas.<\/p>\n<p>&nbsp;<\/p>\n<p>Una ves dise\u00f1ado el Evolution Sport arn\u00e9s, lo pusimos a prueba con nuestro perro Doron, y un a\u00f1o despu\u00e9s, comenzamos a venderlo.<\/p>\n<p>Lo sometimos a las pruebas mas estrictas, duros trabajos en la monta\u00f1a, uso diario, a malas inclemencias de tiempo, varios lavados en m\u00e1quina, para ver si estos lavados nos hacian cambiar de opini\u00f3n.<\/p>\n<p>Al final salio airoso de todos los desafios. Por ello, estamos seguros de ofrecer un muy buen producto.<\/p>\n<p>&nbsp;<\/p>\n<p>Solo esperamos que usted tenga una bonita experiencia y este contento con el Evolution Sport arn\u00e9s.<\/p>\n<p><iframe loading=\"lazy\" src=\"\/\/www.youtube.com\/embed\/25-zTMWItUM\" width=\"560\" height=\"314\" allowfullscreen=\"allowfullscreen\"><\/iframe><\/p>\n","protected":false},"excerpt":{"rendered":"<p>Arn\u00e9s ergon\u00f3mico y multifuncional<\/p>\n<p>Colores: Rojo, Negro, Azul, Rosa.<\/p>\n<p>Tallas: Small, Medium Large, XLarge<\/p>\n<p>Para pr\u00e1ctica de deporte: Running, Canicross, Freestyle, Travesias, ETC<\/p>\n<p>Anti tirones<\/p>\n<p>&nbsp;<\/p>\n","protected":false},"featured_media":1439,"template":"","meta":{"neve_meta_sidebar":"","neve_meta_container":"","neve_meta_enable_content_width":"off","neve_meta_content_width":100,"neve_meta_title_alignment":"","neve_meta_author_avatar":"","neve_post_elements_order":"","neve_meta_disable_header":"","neve_meta_disable_footer":"","neve_meta_disable_title":""},"product_brand":[],"product_cat":[32,117,131,130],"product_tag":[],"class_list":{"0":"post-1416","1":"product","2":"type-product","3":"status-publish","4":"has-post-thumbnail","6":"product_cat-arneses","7":"product_cat-evolution","8":"product_cat-para-correr","9":"product_cat-entreno","11":"first","12":"instock","13":"taxable","14":"shipping-taxable","15":"purchasable","16":"product-type-variable"},"yoast_head":"<!-- This site is optimized with the Yoast SEO plugin v27.4 - https:\/\/yoast.com\/product\/yoast-seo-wordpress\/ -->\n<title>Arn\u00e9s deportivo perro de trabajo y deportivo.www.traildog-pet.com\/arnes Arnes tactico perro Arn\u00e9s Evolution Sport TRAILDOG<\/title>\n<meta name=\"description\" content=\"Arn\u00e9s de trabajo y de paseo, Para trabajos en positivo de adiestramiento, mantrailing, deportes outdoor, tres puntos de fijaci\u00f3n de la correa. Ergon\u00f3mico.\" \/>\n<meta name=\"robots\" content=\"index, follow, max-snippet:-1, max-image-preview:large, max-video-preview:-1, noarchive\" \/>\n<link rel=\"canonical\" href=\"https:\/\/traildog-pet.com\/?product=arnes-tactico-y-deportivo-perro\" \/>\n<meta property=\"og:locale\" content=\"es_ES\" \/>\n<meta property=\"og:type\" content=\"article\" \/>\n<meta property=\"og:title\" content=\"Arnes t\u00e1ctico y deportivo TRAILDOG Evolution\" \/>\n<meta property=\"og:description\" content=\"Disfruta de forma segura, hacer deporte con tu perro, con el nuevo arn\u00e9s TRAILDOG Evolution.\" \/>\n<meta property=\"og:url\" content=\"https:\/\/traildog-pet.com\/?product=arnes-tactico-y-deportivo-perro\" \/>\n<meta property=\"og:site_name\" content=\"Traildog\" \/>\n<meta property=\"article:publisher\" content=\"https:\/\/www.facebook.com\/traildogpet\" \/>\n<meta property=\"article:modified_time\" content=\"2022-11-19T19:17:20+00:00\" \/>\n<meta property=\"og:image\" content=\"https:\/\/traildog-pet.com\/wp-content\/uploads\/2022\/05\/Evolution-lateral-Negro-scaled.jpg\" \/>\n\t<meta property=\"og:image:width\" content=\"2560\" \/>\n\t<meta property=\"og:image:height\" content=\"1711\" \/>\n\t<meta property=\"og:image:type\" content=\"image\/jpeg\" \/>\n<meta name=\"twitter:card\" content=\"summary_large_image\" \/>\n<meta name=\"twitter:label1\" content=\"Tiempo de lectura\" \/>\n\t<meta name=\"twitter:data1\" content=\"2 minutos\" \/>\n<script type=\"application\/ld+json\" class=\"yoast-schema-graph\">{\"@context\":\"https:\\\/\\\/schema.org\",\"@graph\":[{\"@type\":\"WebPage\",\"@id\":\"https:\\\/\\\/traildog-pet.com\\\/?product=arnes-tactico-y-deportivo-perro\",\"url\":\"https:\\\/\\\/traildog-pet.com\\\/?product=arnes-tactico-y-deportivo-perro\",\"name\":\"Arn\u00e9s deportivo perro de trabajo y deportivo.www.traildog-pet.com\\\/arnes Arnes tactico perro Arn\u00e9s Evolution Sport TRAILDOG\",\"isPartOf\":{\"@id\":\"https:\\\/\\\/traildog-pet.com\\\/#website\"},\"primaryImageOfPage\":{\"@id\":\"https:\\\/\\\/traildog-pet.com\\\/?product=arnes-tactico-y-deportivo-perro#primaryimage\"},\"image\":{\"@id\":\"https:\\\/\\\/traildog-pet.com\\\/?product=arnes-tactico-y-deportivo-perro#primaryimage\"},\"thumbnailUrl\":\"https:\\\/\\\/traildog-pet.com\\\/wp-content\\\/uploads\\\/2022\\\/05\\\/Evolution-lateral-Negro-scaled.jpg\",\"datePublished\":\"2022-05-22T13:44:48+00:00\",\"dateModified\":\"2022-11-19T19:17:20+00:00\",\"description\":\"Arn\u00e9s de trabajo y de paseo, Para trabajos en positivo de adiestramiento, mantrailing, deportes outdoor, tres puntos de fijaci\u00f3n de la correa. Ergon\u00f3mico.\",\"breadcrumb\":{\"@id\":\"https:\\\/\\\/traildog-pet.com\\\/?product=arnes-tactico-y-deportivo-perro#breadcrumb\"},\"inLanguage\":\"es\",\"potentialAction\":[{\"@type\":\"ReadAction\",\"target\":[\"https:\\\/\\\/traildog-pet.com\\\/?product=arnes-tactico-y-deportivo-perro\"]}]},{\"@type\":\"ImageObject\",\"inLanguage\":\"es\",\"@id\":\"https:\\\/\\\/traildog-pet.com\\\/?product=arnes-tactico-y-deportivo-perro#primaryimage\",\"url\":\"https:\\\/\\\/traildog-pet.com\\\/wp-content\\\/uploads\\\/2022\\\/05\\\/Evolution-lateral-Negro-scaled.jpg\",\"contentUrl\":\"https:\\\/\\\/traildog-pet.com\\\/wp-content\\\/uploads\\\/2022\\\/05\\\/Evolution-lateral-Negro-scaled.jpg\",\"width\":2560,\"height\":1711},{\"@type\":\"BreadcrumbList\",\"@id\":\"https:\\\/\\\/traildog-pet.com\\\/?product=arnes-tactico-y-deportivo-perro#breadcrumb\",\"itemListElement\":[{\"@type\":\"ListItem\",\"position\":1,\"name\":\"Portada\",\"item\":\"https:\\\/\\\/traildog-pet.com\\\/\"},{\"@type\":\"ListItem\",\"position\":2,\"name\":\"Tienda\",\"item\":\"https:\\\/\\\/traildog-pet.com\\\/?page_id=6\"},{\"@type\":\"ListItem\",\"position\":3,\"name\":\"Arnes Evolution Sport\"}]},{\"@type\":\"WebSite\",\"@id\":\"https:\\\/\\\/traildog-pet.com\\\/#website\",\"url\":\"https:\\\/\\\/traildog-pet.com\\\/\",\"name\":\"Traildog\",\"description\":\"Traildog\",\"publisher\":{\"@id\":\"https:\\\/\\\/traildog-pet.com\\\/#organization\"},\"alternateName\":\"Equipamiento para el sector del mundo canino.\",\"potentialAction\":[{\"@type\":\"SearchAction\",\"target\":{\"@type\":\"EntryPoint\",\"urlTemplate\":\"https:\\\/\\\/traildog-pet.com\\\/?s={search_term_string}\"},\"query-input\":{\"@type\":\"PropertyValueSpecification\",\"valueRequired\":true,\"valueName\":\"search_term_string\"}}],\"inLanguage\":\"es\"},{\"@type\":\"Organization\",\"@id\":\"https:\\\/\\\/traildog-pet.com\\\/#organization\",\"name\":\"Traildog Pet Products\",\"alternateName\":\"Venta de accesorios para las mascotas, esclusivos para profesionales(Tiendas, Adiestradores, Educadores y Clinicas veterinarias.)\",\"url\":\"https:\\\/\\\/traildog-pet.com\\\/\",\"logo\":{\"@type\":\"ImageObject\",\"inLanguage\":\"es\",\"@id\":\"https:\\\/\\\/traildog-pet.com\\\/#\\\/schema\\\/logo\\\/image\\\/\",\"url\":\"https:\\\/\\\/traildog-pet.com\\\/wp-content\\\/uploads\\\/2022\\\/11\\\/TrailDog2.3.jpg\",\"contentUrl\":\"https:\\\/\\\/traildog-pet.com\\\/wp-content\\\/uploads\\\/2022\\\/11\\\/TrailDog2.3.jpg\",\"width\":596,\"height\":113,\"caption\":\"Traildog Pet Products\"},\"image\":{\"@id\":\"https:\\\/\\\/traildog-pet.com\\\/#\\\/schema\\\/logo\\\/image\\\/\"},\"sameAs\":[\"https:\\\/\\\/www.facebook.com\\\/traildogpet\",\"https:\\\/\\\/www.linkedin.com\\\/traildogPetProducts\"]}]}<\/script>\n<!-- \/ Yoast SEO plugin. -->","yoast_head_json":{"title":"Arn\u00e9s deportivo perro de trabajo y deportivo.www.traildog-pet.com\/arnes Arnes tactico perro Arn\u00e9s Evolution Sport TRAILDOG","description":"Arn\u00e9s de trabajo y de paseo, Para trabajos en positivo de adiestramiento, mantrailing, deportes outdoor, tres puntos de fijaci\u00f3n de la correa. Ergon\u00f3mico.","robots":{"index":"index","follow":"follow","max-snippet":"max-snippet:-1","max-image-preview":"max-image-preview:large","max-video-preview":"max-video-preview:-1","archive":"noarchive"},"canonical":"https:\/\/traildog-pet.com\/?product=arnes-tactico-y-deportivo-perro","og_locale":"es_ES","og_type":"article","og_title":"Arnes t\u00e1ctico y deportivo TRAILDOG Evolution","og_description":"Disfruta de forma segura, hacer deporte con tu perro, con el nuevo arn\u00e9s TRAILDOG Evolution.","og_url":"https:\/\/traildog-pet.com\/?product=arnes-tactico-y-deportivo-perro","og_site_name":"Traildog","article_publisher":"https:\/\/www.facebook.com\/traildogpet","article_modified_time":"2022-11-19T19:17:20+00:00","og_image":[{"width":2560,"height":1711,"url":"https:\/\/traildog-pet.com\/wp-content\/uploads\/2022\/05\/Evolution-lateral-Negro-scaled.jpg","type":"image\/jpeg"}],"twitter_card":"summary_large_image","twitter_misc":{"Tiempo de lectura":"2 minutos"},"schema":{"@context":"https:\/\/schema.org","@graph":[{"@type":"WebPage","@id":"https:\/\/traildog-pet.com\/?product=arnes-tactico-y-deportivo-perro","url":"https:\/\/traildog-pet.com\/?product=arnes-tactico-y-deportivo-perro","name":"Arn\u00e9s deportivo perro de trabajo y deportivo.www.traildog-pet.com\/arnes Arnes tactico perro Arn\u00e9s Evolution Sport TRAILDOG","isPartOf":{"@id":"https:\/\/traildog-pet.com\/#website"},"primaryImageOfPage":{"@id":"https:\/\/traildog-pet.com\/?product=arnes-tactico-y-deportivo-perro#primaryimage"},"image":{"@id":"https:\/\/traildog-pet.com\/?product=arnes-tactico-y-deportivo-perro#primaryimage"},"thumbnailUrl":"https:\/\/traildog-pet.com\/wp-content\/uploads\/2022\/05\/Evolution-lateral-Negro-scaled.jpg","datePublished":"2022-05-22T13:44:48+00:00","dateModified":"2022-11-19T19:17:20+00:00","description":"Arn\u00e9s de trabajo y de paseo, Para trabajos en positivo de adiestramiento, mantrailing, deportes outdoor, tres puntos de fijaci\u00f3n de la correa. Ergon\u00f3mico.","breadcrumb":{"@id":"https:\/\/traildog-pet.com\/?product=arnes-tactico-y-deportivo-perro#breadcrumb"},"inLanguage":"es","potentialAction":[{"@type":"ReadAction","target":["https:\/\/traildog-pet.com\/?product=arnes-tactico-y-deportivo-perro"]}]},{"@type":"ImageObject","inLanguage":"es","@id":"https:\/\/traildog-pet.com\/?product=arnes-tactico-y-deportivo-perro#primaryimage","url":"https:\/\/traildog-pet.com\/wp-content\/uploads\/2022\/05\/Evolution-lateral-Negro-scaled.jpg","contentUrl":"https:\/\/traildog-pet.com\/wp-content\/uploads\/2022\/05\/Evolution-lateral-Negro-scaled.jpg","width":2560,"height":1711},{"@type":"BreadcrumbList","@id":"https:\/\/traildog-pet.com\/?product=arnes-tactico-y-deportivo-perro#breadcrumb","itemListElement":[{"@type":"ListItem","position":1,"name":"Portada","item":"https:\/\/traildog-pet.com\/"},{"@type":"ListItem","position":2,"name":"Tienda","item":"https:\/\/traildog-pet.com\/?page_id=6"},{"@type":"ListItem","position":3,"name":"Arnes Evolution Sport"}]},{"@type":"WebSite","@id":"https:\/\/traildog-pet.com\/#website","url":"https:\/\/traildog-pet.com\/","name":"Traildog","description":"Traildog","publisher":{"@id":"https:\/\/traildog-pet.com\/#organization"},"alternateName":"Equipamiento para el sector del mundo canino.","potentialAction":[{"@type":"SearchAction","target":{"@type":"EntryPoint","urlTemplate":"https:\/\/traildog-pet.com\/?s={search_term_string}"},"query-input":{"@type":"PropertyValueSpecification","valueRequired":true,"valueName":"search_term_string"}}],"inLanguage":"es"},{"@type":"Organization","@id":"https:\/\/traildog-pet.com\/#organization","name":"Traildog Pet Products","alternateName":"Venta de accesorios para las mascotas, esclusivos para profesionales(Tiendas, Adiestradores, Educadores y Clinicas veterinarias.)","url":"https:\/\/traildog-pet.com\/","logo":{"@type":"ImageObject","inLanguage":"es","@id":"https:\/\/traildog-pet.com\/#\/schema\/logo\/image\/","url":"https:\/\/traildog-pet.com\/wp-content\/uploads\/2022\/11\/TrailDog2.3.jpg","contentUrl":"https:\/\/traildog-pet.com\/wp-content\/uploads\/2022\/11\/TrailDog2.3.jpg","width":596,"height":113,"caption":"Traildog Pet Products"},"image":{"@id":"https:\/\/traildog-pet.com\/#\/schema\/logo\/image\/"},"sameAs":["https:\/\/www.facebook.com\/traildogpet","https:\/\/www.linkedin.com\/traildogPetProducts"]}]}},"_links":{"self":[{"href":"https:\/\/traildog-pet.com\/index.php?rest_route=\/wp\/v2\/product\/1416","targetHints":{"allow":["GET"]}}],"collection":[{"href":"https:\/\/traildog-pet.com\/index.php?rest_route=\/wp\/v2\/product"}],"about":[{"href":"https:\/\/traildog-pet.com\/index.php?rest_route=\/wp\/v2\/types\/product"}],"wp:featuredmedia":[{"embeddable":true,"href":"https:\/\/traildog-pet.com\/index.php?rest_route=\/wp\/v2\/media\/1439"}],"wp:attachment":[{"href":"https:\/\/traildog-pet.com\/index.php?rest_route=%2Fwp%2Fv2%2Fmedia&parent=1416"}],"wp:term":[{"taxonomy":"product_brand","embeddable":true,"href":"https:\/\/traildog-pet.com\/index.php?rest_route=%2Fwp%2Fv2%2Fproduct_brand&post=1416"},{"taxonomy":"product_cat","embeddable":true,"href":"https:\/\/traildog-pet.com\/index.php?rest_route=%2Fwp%2Fv2%2Fproduct_cat&post=1416"},{"taxonomy":"product_tag","embeddable":true,"href":"https:\/\/traildog-pet.com\/index.php?rest_route=%2Fwp%2Fv2%2Fproduct_tag&post=1416"}],"curies":[{"name":"wp","href":"https:\/\/api.w.org\/{rel}","templated":true}]}}