
{"id":1302,"date":"2021-09-14T12:31:55","date_gmt":"2021-09-14T12:31:55","guid":{"rendered":"https:\/\/traildog-pet.com\/?post_type=product&#038;p=1302"},"modified":"2022-08-20T15:26:22","modified_gmt":"2022-08-20T15:26:22","slug":"collar-black-stripes","status":"publish","type":"product","link":"https:\/\/traildog-pet.com\/?product=collar-black-stripes","title":{"rendered":"Collar Black Stripes"},"content":{"rendered":"<p>Collar de calidad, que har\u00e1 que su perro se encuentre seguro en todo momento, gracias a la resistencia y calidad de sus componentes.<\/p>\n<p>Confeccionado con robusta cinta de nailon de 25mm de ancho, broche de cierre de escalada, que brinda m\u00e1xima seguridad, gracias a su robustez y sistema de seguridad.<\/p>\n<p>El gancho de anclaje en forma de triangulo, construido en aleaci\u00f3n met\u00e1lica, brinda m\u00e1xima durabilidad y seguridad, para toda clase de mosquetones.<\/p>\n<p>Disponible para perro mediano o grande.<\/p>\n<h3>Tallas disponibles<\/h3>\n<table width=\"590\">\n<tbody>\n<tr>\n<td>\n<h3><strong>Referencia<\/strong><\/h3>\n<\/td>\n<td>\n<h3><strong>Talla<\/strong><\/h3>\n<\/td>\n<td>\n<h3><strong>Regulable<br \/>\n<\/strong><\/h3>\n<\/td>\n<\/tr>\n<tr>\n<td>\n<h4>25MTCTD-M<\/h4>\n<\/td>\n<td>\n<h4>Medium<\/h4>\n<\/td>\n<td>\n<h4>35 &#8211; 53 cm<\/h4>\n<\/td>\n<\/tr>\n<tr>\n<td>\n<h4>25MTCTD-L<\/h4>\n<\/td>\n<td>\n<h4>Large<\/h4>\n<\/td>\n<td>\n<h4>38 &#8211; 60 cm<\/h4>\n<\/td>\n<\/tr>\n<\/tbody>\n<\/table>\n<p>&nbsp;<\/p>\n","protected":false},"excerpt":{"rendered":"<p>Collar de nailon de 25 mm de ancho<\/p>\n<p>Broche cierre met\u00e1lico de escalada<\/p>\n<p>Aro anclaje met\u00e1lico de alta resistencia<\/p>\n<p>Disponible en color, Verde, Azul o Rojo<\/p>\n","protected":false},"featured_media":1305,"template":"","meta":{"neve_meta_sidebar":"","neve_meta_container":"","neve_meta_enable_content_width":"off","neve_meta_content_width":100,"neve_meta_title_alignment":"","neve_meta_author_avatar":"","neve_post_elements_order":"","neve_meta_disable_header":"","neve_meta_disable_footer":"","neve_meta_disable_title":""},"product_brand":[],"product_cat":[40],"product_tag":[],"class_list":{"0":"post-1302","1":"product","2":"type-product","3":"status-publish","4":"has-post-thumbnail","6":"product_cat-collares","8":"first","9":"instock","10":"taxable","11":"shipping-taxable","12":"purchasable","13":"product-type-variable"},"yoast_head":"<!-- This site is optimized with the Yoast SEO plugin v27.4 - https:\/\/yoast.com\/product\/yoast-seo-wordpress\/ -->\n<title>Collar Black Stripes - Traildog<\/title>\n<meta name=\"robots\" content=\"index, follow, max-snippet:-1, max-image-preview:large, max-video-preview:-1\" \/>\n<link rel=\"canonical\" href=\"https:\/\/traildog-pet.com\/?product=collar-black-stripes\" \/>\n<meta property=\"og:locale\" content=\"es_ES\" \/>\n<meta property=\"og:type\" content=\"article\" \/>\n<meta property=\"og:title\" content=\"Collar Black Stripes - Traildog\" \/>\n<meta property=\"og:description\" content=\"Collar de nailon de 25 mm de ancho  Broche cierre met\u00e1lico de escalada  Aro anclaje met\u00e1lico de alta resistencia  Disponible en color, Verde, Azul o Rojo\" \/>\n<meta property=\"og:url\" content=\"https:\/\/traildog-pet.com\/?product=collar-black-stripes\" \/>\n<meta property=\"og:site_name\" content=\"Traildog\" \/>\n<meta property=\"article:publisher\" content=\"https:\/\/www.facebook.com\/traildogpet\" \/>\n<meta property=\"article:modified_time\" content=\"2022-08-20T15:26:22+00:00\" \/>\n<meta property=\"og:image\" content=\"https:\/\/traildog-pet.com\/wp-content\/uploads\/2021\/09\/Collar-Blak-Stripe-25mm.png\" \/>\n\t<meta property=\"og:image:width\" content=\"600\" \/>\n\t<meta property=\"og:image:height\" content=\"600\" \/>\n\t<meta property=\"og:image:type\" content=\"image\/png\" \/>\n<meta name=\"twitter:card\" content=\"summary_large_image\" \/>\n<meta name=\"twitter:label1\" content=\"Tiempo de lectura\" \/>\n\t<meta name=\"twitter:data1\" content=\"1 minuto\" \/>\n<script type=\"application\/ld+json\" class=\"yoast-schema-graph\">{\"@context\":\"https:\\\/\\\/schema.org\",\"@graph\":[{\"@type\":\"WebPage\",\"@id\":\"https:\\\/\\\/traildog-pet.com\\\/?product=collar-black-stripes\",\"url\":\"https:\\\/\\\/traildog-pet.com\\\/?product=collar-black-stripes\",\"name\":\"Collar Black Stripes - Traildog\",\"isPartOf\":{\"@id\":\"https:\\\/\\\/traildog-pet.com\\\/#website\"},\"primaryImageOfPage\":{\"@id\":\"https:\\\/\\\/traildog-pet.com\\\/?product=collar-black-stripes#primaryimage\"},\"image\":{\"@id\":\"https:\\\/\\\/traildog-pet.com\\\/?product=collar-black-stripes#primaryimage\"},\"thumbnailUrl\":\"https:\\\/\\\/traildog-pet.com\\\/wp-content\\\/uploads\\\/2021\\\/09\\\/Collar-Blak-Stripe-25mm.png\",\"datePublished\":\"2021-09-14T12:31:55+00:00\",\"dateModified\":\"2022-08-20T15:26:22+00:00\",\"breadcrumb\":{\"@id\":\"https:\\\/\\\/traildog-pet.com\\\/?product=collar-black-stripes#breadcrumb\"},\"inLanguage\":\"es\",\"potentialAction\":[{\"@type\":\"ReadAction\",\"target\":[\"https:\\\/\\\/traildog-pet.com\\\/?product=collar-black-stripes\"]}]},{\"@type\":\"ImageObject\",\"inLanguage\":\"es\",\"@id\":\"https:\\\/\\\/traildog-pet.com\\\/?product=collar-black-stripes#primaryimage\",\"url\":\"https:\\\/\\\/traildog-pet.com\\\/wp-content\\\/uploads\\\/2021\\\/09\\\/Collar-Blak-Stripe-25mm.png\",\"contentUrl\":\"https:\\\/\\\/traildog-pet.com\\\/wp-content\\\/uploads\\\/2021\\\/09\\\/Collar-Blak-Stripe-25mm.png\",\"width\":600,\"height\":600},{\"@type\":\"BreadcrumbList\",\"@id\":\"https:\\\/\\\/traildog-pet.com\\\/?product=collar-black-stripes#breadcrumb\",\"itemListElement\":[{\"@type\":\"ListItem\",\"position\":1,\"name\":\"Portada\",\"item\":\"https:\\\/\\\/traildog-pet.com\\\/\"},{\"@type\":\"ListItem\",\"position\":2,\"name\":\"Tienda\",\"item\":\"https:\\\/\\\/traildog-pet.com\\\/?page_id=6\"},{\"@type\":\"ListItem\",\"position\":3,\"name\":\"Collar Black Stripes\"}]},{\"@type\":\"WebSite\",\"@id\":\"https:\\\/\\\/traildog-pet.com\\\/#website\",\"url\":\"https:\\\/\\\/traildog-pet.com\\\/\",\"name\":\"Traildog\",\"description\":\"Traildog\",\"publisher\":{\"@id\":\"https:\\\/\\\/traildog-pet.com\\\/#organization\"},\"alternateName\":\"Equipamiento para el sector del mundo canino.\",\"potentialAction\":[{\"@type\":\"SearchAction\",\"target\":{\"@type\":\"EntryPoint\",\"urlTemplate\":\"https:\\\/\\\/traildog-pet.com\\\/?s={search_term_string}\"},\"query-input\":{\"@type\":\"PropertyValueSpecification\",\"valueRequired\":true,\"valueName\":\"search_term_string\"}}],\"inLanguage\":\"es\"},{\"@type\":\"Organization\",\"@id\":\"https:\\\/\\\/traildog-pet.com\\\/#organization\",\"name\":\"Traildog Pet Products\",\"alternateName\":\"Venta de accesorios para las mascotas, esclusivos para profesionales(Tiendas, Adiestradores, Educadores y Clinicas veterinarias.)\",\"url\":\"https:\\\/\\\/traildog-pet.com\\\/\",\"logo\":{\"@type\":\"ImageObject\",\"inLanguage\":\"es\",\"@id\":\"https:\\\/\\\/traildog-pet.com\\\/#\\\/schema\\\/logo\\\/image\\\/\",\"url\":\"https:\\\/\\\/traildog-pet.com\\\/wp-content\\\/uploads\\\/2022\\\/11\\\/TrailDog2.3.jpg\",\"contentUrl\":\"https:\\\/\\\/traildog-pet.com\\\/wp-content\\\/uploads\\\/2022\\\/11\\\/TrailDog2.3.jpg\",\"width\":596,\"height\":113,\"caption\":\"Traildog Pet Products\"},\"image\":{\"@id\":\"https:\\\/\\\/traildog-pet.com\\\/#\\\/schema\\\/logo\\\/image\\\/\"},\"sameAs\":[\"https:\\\/\\\/www.facebook.com\\\/traildogpet\",\"https:\\\/\\\/www.linkedin.com\\\/traildogPetProducts\"]}]}<\/script>\n<!-- \/ Yoast SEO plugin. -->","yoast_head_json":{"title":"Collar Black Stripes - Traildog","robots":{"index":"index","follow":"follow","max-snippet":"max-snippet:-1","max-image-preview":"max-image-preview:large","max-video-preview":"max-video-preview:-1"},"canonical":"https:\/\/traildog-pet.com\/?product=collar-black-stripes","og_locale":"es_ES","og_type":"article","og_title":"Collar Black Stripes - Traildog","og_description":"Collar de nailon de 25 mm de ancho  Broche cierre met\u00e1lico de escalada  Aro anclaje met\u00e1lico de alta resistencia  Disponible en color, Verde, Azul o Rojo","og_url":"https:\/\/traildog-pet.com\/?product=collar-black-stripes","og_site_name":"Traildog","article_publisher":"https:\/\/www.facebook.com\/traildogpet","article_modified_time":"2022-08-20T15:26:22+00:00","og_image":[{"width":600,"height":600,"url":"https:\/\/traildog-pet.com\/wp-content\/uploads\/2021\/09\/Collar-Blak-Stripe-25mm.png","type":"image\/png"}],"twitter_card":"summary_large_image","twitter_misc":{"Tiempo de lectura":"1 minuto"},"schema":{"@context":"https:\/\/schema.org","@graph":[{"@type":"WebPage","@id":"https:\/\/traildog-pet.com\/?product=collar-black-stripes","url":"https:\/\/traildog-pet.com\/?product=collar-black-stripes","name":"Collar Black Stripes - Traildog","isPartOf":{"@id":"https:\/\/traildog-pet.com\/#website"},"primaryImageOfPage":{"@id":"https:\/\/traildog-pet.com\/?product=collar-black-stripes#primaryimage"},"image":{"@id":"https:\/\/traildog-pet.com\/?product=collar-black-stripes#primaryimage"},"thumbnailUrl":"https:\/\/traildog-pet.com\/wp-content\/uploads\/2021\/09\/Collar-Blak-Stripe-25mm.png","datePublished":"2021-09-14T12:31:55+00:00","dateModified":"2022-08-20T15:26:22+00:00","breadcrumb":{"@id":"https:\/\/traildog-pet.com\/?product=collar-black-stripes#breadcrumb"},"inLanguage":"es","potentialAction":[{"@type":"ReadAction","target":["https:\/\/traildog-pet.com\/?product=collar-black-stripes"]}]},{"@type":"ImageObject","inLanguage":"es","@id":"https:\/\/traildog-pet.com\/?product=collar-black-stripes#primaryimage","url":"https:\/\/traildog-pet.com\/wp-content\/uploads\/2021\/09\/Collar-Blak-Stripe-25mm.png","contentUrl":"https:\/\/traildog-pet.com\/wp-content\/uploads\/2021\/09\/Collar-Blak-Stripe-25mm.png","width":600,"height":600},{"@type":"BreadcrumbList","@id":"https:\/\/traildog-pet.com\/?product=collar-black-stripes#breadcrumb","itemListElement":[{"@type":"ListItem","position":1,"name":"Portada","item":"https:\/\/traildog-pet.com\/"},{"@type":"ListItem","position":2,"name":"Tienda","item":"https:\/\/traildog-pet.com\/?page_id=6"},{"@type":"ListItem","position":3,"name":"Collar Black Stripes"}]},{"@type":"WebSite","@id":"https:\/\/traildog-pet.com\/#website","url":"https:\/\/traildog-pet.com\/","name":"Traildog","description":"Traildog","publisher":{"@id":"https:\/\/traildog-pet.com\/#organization"},"alternateName":"Equipamiento para el sector del mundo canino.","potentialAction":[{"@type":"SearchAction","target":{"@type":"EntryPoint","urlTemplate":"https:\/\/traildog-pet.com\/?s={search_term_string}"},"query-input":{"@type":"PropertyValueSpecification","valueRequired":true,"valueName":"search_term_string"}}],"inLanguage":"es"},{"@type":"Organization","@id":"https:\/\/traildog-pet.com\/#organization","name":"Traildog Pet Products","alternateName":"Venta de accesorios para las mascotas, esclusivos para profesionales(Tiendas, Adiestradores, Educadores y Clinicas veterinarias.)","url":"https:\/\/traildog-pet.com\/","logo":{"@type":"ImageObject","inLanguage":"es","@id":"https:\/\/traildog-pet.com\/#\/schema\/logo\/image\/","url":"https:\/\/traildog-pet.com\/wp-content\/uploads\/2022\/11\/TrailDog2.3.jpg","contentUrl":"https:\/\/traildog-pet.com\/wp-content\/uploads\/2022\/11\/TrailDog2.3.jpg","width":596,"height":113,"caption":"Traildog Pet Products"},"image":{"@id":"https:\/\/traildog-pet.com\/#\/schema\/logo\/image\/"},"sameAs":["https:\/\/www.facebook.com\/traildogpet","https:\/\/www.linkedin.com\/traildogPetProducts"]}]}},"_links":{"self":[{"href":"https:\/\/traildog-pet.com\/index.php?rest_route=\/wp\/v2\/product\/1302","targetHints":{"allow":["GET"]}}],"collection":[{"href":"https:\/\/traildog-pet.com\/index.php?rest_route=\/wp\/v2\/product"}],"about":[{"href":"https:\/\/traildog-pet.com\/index.php?rest_route=\/wp\/v2\/types\/product"}],"wp:featuredmedia":[{"embeddable":true,"href":"https:\/\/traildog-pet.com\/index.php?rest_route=\/wp\/v2\/media\/1305"}],"wp:attachment":[{"href":"https:\/\/traildog-pet.com\/index.php?rest_route=%2Fwp%2Fv2%2Fmedia&parent=1302"}],"wp:term":[{"taxonomy":"product_brand","embeddable":true,"href":"https:\/\/traildog-pet.com\/index.php?rest_route=%2Fwp%2Fv2%2Fproduct_brand&post=1302"},{"taxonomy":"product_cat","embeddable":true,"href":"https:\/\/traildog-pet.com\/index.php?rest_route=%2Fwp%2Fv2%2Fproduct_cat&post=1302"},{"taxonomy":"product_tag","embeddable":true,"href":"https:\/\/traildog-pet.com\/index.php?rest_route=%2Fwp%2Fv2%2Fproduct_tag&post=1302"}],"curies":[{"name":"wp","href":"https:\/\/api.w.org\/{rel}","templated":true}]}}