
{"id":1175,"date":"2021-09-02T13:38:58","date_gmt":"2021-09-02T13:38:58","guid":{"rendered":"https:\/\/traildog-pet.com\/?post_type=product&#038;p=1175"},"modified":"2022-08-07T15:25:55","modified_gmt":"2022-08-07T15:25:55","slug":"acople-con-correa-para-2-perros","status":"publish","type":"product","link":"https:\/\/traildog-pet.com\/?product=acople-con-correa-para-2-perros","title":{"rendered":"Acople con Correa KANATA para 2 Perros"},"content":{"rendered":"<p>La correa KANATA 2 EN 1, es ideal para pasear con dos perros a la vez, es muy resistente, nos brinda gran seguridad, con costuras dobles reforzadas y mosquetones en aleaci\u00f3n de aluminio, con sistema de cierre autom\u00e1tico.<\/p>\n<p>Rotor giratorio que mantiene las correas siempre desenredadas.<\/p>\n<p>Medidas de la correa principal: 1 metro X 25 mm<\/p>\n<p>Medidas correas secundarias o del acople: 60 cm X 20 mm.<\/p>\n<p>Punto de rotura mosquet\u00f3n autom\u00e1tico: 500 kg.<\/p>\n<p>Color: Negro y Rojo.<\/p>\n","protected":false},"excerpt":{"rendered":"<div id=\"product-description-short-59\" class=\"product-short-description\">\n<p>Correa KANATA, apropiada para sujetar 2 perros a la vez<\/p>\n<p>Apto para perros superior a 20 kg<\/p>\n<p>Con rotor giratorio<\/p>\n<p>Mosquetones en aleaci\u00f3n de aluminio autom\u00e1ticos<\/p>\n<p>Correa ultra resistente y c\u00f3moda<\/p>\n<p>Practica para disfrutar del paseo con dos perros a la vez.<\/p>\n<\/div>\n","protected":false},"featured_media":1389,"template":"","meta":{"neve_meta_sidebar":"","neve_meta_container":"","neve_meta_enable_content_width":"off","neve_meta_content_width":100,"neve_meta_title_alignment":"","neve_meta_author_avatar":"","neve_post_elements_order":"","neve_meta_disable_header":"","neve_meta_disable_footer":"","neve_meta_disable_title":""},"product_brand":[],"product_cat":[108,118],"product_tag":[],"class_list":{"0":"post-1175","1":"product","2":"type-product","3":"status-publish","4":"has-post-thumbnail","6":"product_cat-accessories","7":"product_cat-flat","9":"first","10":"instock","11":"taxable","12":"shipping-taxable","13":"purchasable","14":"product-type-variable"},"yoast_head":"<!-- This site is optimized with the Yoast SEO plugin v27.4 - https:\/\/yoast.com\/product\/yoast-seo-wordpress\/ -->\n<title>Acople con Correa KANATA para 2 Perros - Traildog<\/title>\n<meta name=\"robots\" content=\"index, follow, max-snippet:-1, max-image-preview:large, max-video-preview:-1\" \/>\n<link rel=\"canonical\" href=\"https:\/\/traildog-pet.com\/?product=acople-con-correa-para-2-perros\" \/>\n<meta property=\"og:locale\" content=\"es_ES\" \/>\n<meta property=\"og:type\" content=\"article\" \/>\n<meta property=\"og:title\" content=\"Acople con Correa KANATA para 2 Perros - Traildog\" \/>\n<meta property=\"og:description\" content=\"Correa KANATA, apropiada para sujetar 2 perros a la vez  Apto para perros superior a 20 kg  Con rotor giratorio  Mosquetones en aleaci\u00f3n de aluminio autom\u00e1ticos  Correa ultra resistente y c\u00f3moda  Practica para disfrutar del paseo con dos perros a la vez.\" \/>\n<meta property=\"og:url\" content=\"https:\/\/traildog-pet.com\/?product=acople-con-correa-para-2-perros\" \/>\n<meta property=\"og:site_name\" content=\"Traildog\" \/>\n<meta property=\"article:publisher\" content=\"https:\/\/www.facebook.com\/traildogpet\" \/>\n<meta property=\"article:modified_time\" content=\"2022-08-07T15:25:55+00:00\" \/>\n<meta property=\"og:image\" content=\"https:\/\/traildog-pet.com\/wp-content\/uploads\/2021\/09\/Correa-Acople.-Kanata-2-en-1.jpeg\" \/>\n\t<meta property=\"og:image:width\" content=\"600\" \/>\n\t<meta property=\"og:image:height\" content=\"600\" \/>\n\t<meta property=\"og:image:type\" content=\"image\/jpeg\" \/>\n<meta name=\"twitter:card\" content=\"summary_large_image\" \/>\n<meta name=\"twitter:label1\" content=\"Tiempo de lectura\" \/>\n\t<meta name=\"twitter:data1\" content=\"1 minuto\" \/>\n<script type=\"application\/ld+json\" class=\"yoast-schema-graph\">{\"@context\":\"https:\\\/\\\/schema.org\",\"@graph\":[{\"@type\":\"WebPage\",\"@id\":\"https:\\\/\\\/traildog-pet.com\\\/?product=acople-con-correa-para-2-perros\",\"url\":\"https:\\\/\\\/traildog-pet.com\\\/?product=acople-con-correa-para-2-perros\",\"name\":\"Acople con Correa KANATA para 2 Perros - Traildog\",\"isPartOf\":{\"@id\":\"https:\\\/\\\/traildog-pet.com\\\/#website\"},\"primaryImageOfPage\":{\"@id\":\"https:\\\/\\\/traildog-pet.com\\\/?product=acople-con-correa-para-2-perros#primaryimage\"},\"image\":{\"@id\":\"https:\\\/\\\/traildog-pet.com\\\/?product=acople-con-correa-para-2-perros#primaryimage\"},\"thumbnailUrl\":\"https:\\\/\\\/traildog-pet.com\\\/wp-content\\\/uploads\\\/2021\\\/09\\\/Correa-Acople.-Kanata-2-en-1.jpeg\",\"datePublished\":\"2021-09-02T13:38:58+00:00\",\"dateModified\":\"2022-08-07T15:25:55+00:00\",\"breadcrumb\":{\"@id\":\"https:\\\/\\\/traildog-pet.com\\\/?product=acople-con-correa-para-2-perros#breadcrumb\"},\"inLanguage\":\"es\",\"potentialAction\":[{\"@type\":\"ReadAction\",\"target\":[\"https:\\\/\\\/traildog-pet.com\\\/?product=acople-con-correa-para-2-perros\"]}]},{\"@type\":\"ImageObject\",\"inLanguage\":\"es\",\"@id\":\"https:\\\/\\\/traildog-pet.com\\\/?product=acople-con-correa-para-2-perros#primaryimage\",\"url\":\"https:\\\/\\\/traildog-pet.com\\\/wp-content\\\/uploads\\\/2021\\\/09\\\/Correa-Acople.-Kanata-2-en-1.jpeg\",\"contentUrl\":\"https:\\\/\\\/traildog-pet.com\\\/wp-content\\\/uploads\\\/2021\\\/09\\\/Correa-Acople.-Kanata-2-en-1.jpeg\",\"width\":600,\"height\":600},{\"@type\":\"BreadcrumbList\",\"@id\":\"https:\\\/\\\/traildog-pet.com\\\/?product=acople-con-correa-para-2-perros#breadcrumb\",\"itemListElement\":[{\"@type\":\"ListItem\",\"position\":1,\"name\":\"Portada\",\"item\":\"https:\\\/\\\/traildog-pet.com\\\/\"},{\"@type\":\"ListItem\",\"position\":2,\"name\":\"Tienda\",\"item\":\"https:\\\/\\\/traildog-pet.com\\\/?page_id=6\"},{\"@type\":\"ListItem\",\"position\":3,\"name\":\"Acople con Correa KANATA para 2 Perros\"}]},{\"@type\":\"WebSite\",\"@id\":\"https:\\\/\\\/traildog-pet.com\\\/#website\",\"url\":\"https:\\\/\\\/traildog-pet.com\\\/\",\"name\":\"Traildog\",\"description\":\"Traildog\",\"publisher\":{\"@id\":\"https:\\\/\\\/traildog-pet.com\\\/#organization\"},\"alternateName\":\"Equipamiento para el sector del mundo canino.\",\"potentialAction\":[{\"@type\":\"SearchAction\",\"target\":{\"@type\":\"EntryPoint\",\"urlTemplate\":\"https:\\\/\\\/traildog-pet.com\\\/?s={search_term_string}\"},\"query-input\":{\"@type\":\"PropertyValueSpecification\",\"valueRequired\":true,\"valueName\":\"search_term_string\"}}],\"inLanguage\":\"es\"},{\"@type\":\"Organization\",\"@id\":\"https:\\\/\\\/traildog-pet.com\\\/#organization\",\"name\":\"Traildog Pet Products\",\"alternateName\":\"Venta de accesorios para las mascotas, esclusivos para profesionales(Tiendas, Adiestradores, Educadores y Clinicas veterinarias.)\",\"url\":\"https:\\\/\\\/traildog-pet.com\\\/\",\"logo\":{\"@type\":\"ImageObject\",\"inLanguage\":\"es\",\"@id\":\"https:\\\/\\\/traildog-pet.com\\\/#\\\/schema\\\/logo\\\/image\\\/\",\"url\":\"https:\\\/\\\/traildog-pet.com\\\/wp-content\\\/uploads\\\/2022\\\/11\\\/TrailDog2.3.jpg\",\"contentUrl\":\"https:\\\/\\\/traildog-pet.com\\\/wp-content\\\/uploads\\\/2022\\\/11\\\/TrailDog2.3.jpg\",\"width\":596,\"height\":113,\"caption\":\"Traildog Pet Products\"},\"image\":{\"@id\":\"https:\\\/\\\/traildog-pet.com\\\/#\\\/schema\\\/logo\\\/image\\\/\"},\"sameAs\":[\"https:\\\/\\\/www.facebook.com\\\/traildogpet\",\"https:\\\/\\\/www.linkedin.com\\\/traildogPetProducts\"]}]}<\/script>\n<!-- \/ Yoast SEO plugin. -->","yoast_head_json":{"title":"Acople con Correa KANATA para 2 Perros - Traildog","robots":{"index":"index","follow":"follow","max-snippet":"max-snippet:-1","max-image-preview":"max-image-preview:large","max-video-preview":"max-video-preview:-1"},"canonical":"https:\/\/traildog-pet.com\/?product=acople-con-correa-para-2-perros","og_locale":"es_ES","og_type":"article","og_title":"Acople con Correa KANATA para 2 Perros - Traildog","og_description":"Correa KANATA, apropiada para sujetar 2 perros a la vez  Apto para perros superior a 20 kg  Con rotor giratorio  Mosquetones en aleaci\u00f3n de aluminio autom\u00e1ticos  Correa ultra resistente y c\u00f3moda  Practica para disfrutar del paseo con dos perros a la vez.","og_url":"https:\/\/traildog-pet.com\/?product=acople-con-correa-para-2-perros","og_site_name":"Traildog","article_publisher":"https:\/\/www.facebook.com\/traildogpet","article_modified_time":"2022-08-07T15:25:55+00:00","og_image":[{"width":600,"height":600,"url":"https:\/\/traildog-pet.com\/wp-content\/uploads\/2021\/09\/Correa-Acople.-Kanata-2-en-1.jpeg","type":"image\/jpeg"}],"twitter_card":"summary_large_image","twitter_misc":{"Tiempo de lectura":"1 minuto"},"schema":{"@context":"https:\/\/schema.org","@graph":[{"@type":"WebPage","@id":"https:\/\/traildog-pet.com\/?product=acople-con-correa-para-2-perros","url":"https:\/\/traildog-pet.com\/?product=acople-con-correa-para-2-perros","name":"Acople con Correa KANATA para 2 Perros - Traildog","isPartOf":{"@id":"https:\/\/traildog-pet.com\/#website"},"primaryImageOfPage":{"@id":"https:\/\/traildog-pet.com\/?product=acople-con-correa-para-2-perros#primaryimage"},"image":{"@id":"https:\/\/traildog-pet.com\/?product=acople-con-correa-para-2-perros#primaryimage"},"thumbnailUrl":"https:\/\/traildog-pet.com\/wp-content\/uploads\/2021\/09\/Correa-Acople.-Kanata-2-en-1.jpeg","datePublished":"2021-09-02T13:38:58+00:00","dateModified":"2022-08-07T15:25:55+00:00","breadcrumb":{"@id":"https:\/\/traildog-pet.com\/?product=acople-con-correa-para-2-perros#breadcrumb"},"inLanguage":"es","potentialAction":[{"@type":"ReadAction","target":["https:\/\/traildog-pet.com\/?product=acople-con-correa-para-2-perros"]}]},{"@type":"ImageObject","inLanguage":"es","@id":"https:\/\/traildog-pet.com\/?product=acople-con-correa-para-2-perros#primaryimage","url":"https:\/\/traildog-pet.com\/wp-content\/uploads\/2021\/09\/Correa-Acople.-Kanata-2-en-1.jpeg","contentUrl":"https:\/\/traildog-pet.com\/wp-content\/uploads\/2021\/09\/Correa-Acople.-Kanata-2-en-1.jpeg","width":600,"height":600},{"@type":"BreadcrumbList","@id":"https:\/\/traildog-pet.com\/?product=acople-con-correa-para-2-perros#breadcrumb","itemListElement":[{"@type":"ListItem","position":1,"name":"Portada","item":"https:\/\/traildog-pet.com\/"},{"@type":"ListItem","position":2,"name":"Tienda","item":"https:\/\/traildog-pet.com\/?page_id=6"},{"@type":"ListItem","position":3,"name":"Acople con Correa KANATA para 2 Perros"}]},{"@type":"WebSite","@id":"https:\/\/traildog-pet.com\/#website","url":"https:\/\/traildog-pet.com\/","name":"Traildog","description":"Traildog","publisher":{"@id":"https:\/\/traildog-pet.com\/#organization"},"alternateName":"Equipamiento para el sector del mundo canino.","potentialAction":[{"@type":"SearchAction","target":{"@type":"EntryPoint","urlTemplate":"https:\/\/traildog-pet.com\/?s={search_term_string}"},"query-input":{"@type":"PropertyValueSpecification","valueRequired":true,"valueName":"search_term_string"}}],"inLanguage":"es"},{"@type":"Organization","@id":"https:\/\/traildog-pet.com\/#organization","name":"Traildog Pet Products","alternateName":"Venta de accesorios para las mascotas, esclusivos para profesionales(Tiendas, Adiestradores, Educadores y Clinicas veterinarias.)","url":"https:\/\/traildog-pet.com\/","logo":{"@type":"ImageObject","inLanguage":"es","@id":"https:\/\/traildog-pet.com\/#\/schema\/logo\/image\/","url":"https:\/\/traildog-pet.com\/wp-content\/uploads\/2022\/11\/TrailDog2.3.jpg","contentUrl":"https:\/\/traildog-pet.com\/wp-content\/uploads\/2022\/11\/TrailDog2.3.jpg","width":596,"height":113,"caption":"Traildog Pet Products"},"image":{"@id":"https:\/\/traildog-pet.com\/#\/schema\/logo\/image\/"},"sameAs":["https:\/\/www.facebook.com\/traildogpet","https:\/\/www.linkedin.com\/traildogPetProducts"]}]}},"_links":{"self":[{"href":"https:\/\/traildog-pet.com\/index.php?rest_route=\/wp\/v2\/product\/1175","targetHints":{"allow":["GET"]}}],"collection":[{"href":"https:\/\/traildog-pet.com\/index.php?rest_route=\/wp\/v2\/product"}],"about":[{"href":"https:\/\/traildog-pet.com\/index.php?rest_route=\/wp\/v2\/types\/product"}],"wp:featuredmedia":[{"embeddable":true,"href":"https:\/\/traildog-pet.com\/index.php?rest_route=\/wp\/v2\/media\/1389"}],"wp:attachment":[{"href":"https:\/\/traildog-pet.com\/index.php?rest_route=%2Fwp%2Fv2%2Fmedia&parent=1175"}],"wp:term":[{"taxonomy":"product_brand","embeddable":true,"href":"https:\/\/traildog-pet.com\/index.php?rest_route=%2Fwp%2Fv2%2Fproduct_brand&post=1175"},{"taxonomy":"product_cat","embeddable":true,"href":"https:\/\/traildog-pet.com\/index.php?rest_route=%2Fwp%2Fv2%2Fproduct_cat&post=1175"},{"taxonomy":"product_tag","embeddable":true,"href":"https:\/\/traildog-pet.com\/index.php?rest_route=%2Fwp%2Fv2%2Fproduct_tag&post=1175"}],"curies":[{"name":"wp","href":"https:\/\/api.w.org\/{rel}","templated":true}]}}