
{"id":1171,"date":"2021-09-02T13:28:41","date_gmt":"2021-09-02T13:28:41","guid":{"rendered":"https:\/\/traildog-pet.com\/?post_type=product&#038;p=1171"},"modified":"2022-08-09T13:25:10","modified_gmt":"2022-08-09T13:25:10","slug":"acoplamiento-para-dos-perros-20mm","status":"publish","type":"product","link":"https:\/\/traildog-pet.com\/?product=acoplamiento-para-dos-perros-20mm","title":{"rendered":"Acople para 2 Perros (20mm)"},"content":{"rendered":"<p>Correa de acople para llevar 2 perros a la vez modelo \u00a8for Two\u00a8. Con correas regulables y mosquetones cromados peque\u00f1os, aunque tambi\u00e9n esta disponible, con mosquetones en aleaci\u00f3n de aluminio.<\/p>\n<p>Disponible en diferentes colores y variedad de las cintas. Un producto practico, que superar\u00e1 sus expectativas<\/p>\n<p>Para perros hasta 25 kg<\/p>\n<p>Los acoples FOR TWO de Traildog, son una soluci\u00f3n eficaz, para llevar 2 perros a la vez con una sola correa.<\/p>\n<p>Este acople, est\u00e1 fabricado con cinta plana utilizado en la eslingas de monta\u00f1a, un material resistente y agradable al tacto.<\/p>\n<p>Puede regularse facilmente, seg\u00fan el largo que usted necesite.<\/p>\n<p>En toda la linea de productos TRAILDOG, utilizamos 3 tama\u00f1os de mosquetones cromados, Peque\u00f1o(max 12 kg), Medianos (Max 25 kg) y Grandes ( + de 25 kg).<\/p>\n<p>En este acople para perros, utilizamos el mosquet\u00f3n mediano (Max 25 kg), si desea un acople para perros mas grande, recuerde que entre nuestros productos, podr\u00e1 encontrar, una talla de acoples Traildog, de superior tama\u00f1o.<\/p>\n<p>Recuerde que en el apartado correas, se encuentra disponible las correas, que hacen juego, con este eficiente acople para perros.<\/p>\n","protected":false},"excerpt":{"rendered":"<div id=\"product-description-short-148\" class=\"product-short-description\">\n<p>Acople para llevar dos perros a la vez<\/p>\n<p>Para perros de hasta 25 kg<\/p>\n<p>2 Mosquetones cl\u00e1sicos cromados, de talla mediana<\/p>\n<p>Con regulador<\/p>\n<p>Ancho de la cinta plana: 20 mm<\/p>\n<p>Aro sujetador cromado<\/p>\n<p>Costuras reforzadas.<\/p>\n<\/div>\n","protected":false},"featured_media":1496,"template":"","meta":{"neve_meta_sidebar":"","neve_meta_container":"","neve_meta_enable_content_width":"off","neve_meta_content_width":100,"neve_meta_title_alignment":"","neve_meta_author_avatar":"","neve_post_elements_order":"","neve_meta_disable_header":"","neve_meta_disable_footer":"","neve_meta_disable_title":""},"product_brand":[],"product_cat":[108],"product_tag":[],"class_list":{"0":"post-1171","1":"product","2":"type-product","3":"status-publish","4":"has-post-thumbnail","6":"product_cat-accessories","8":"first","9":"instock","10":"taxable","11":"shipping-taxable","12":"purchasable","13":"product-type-variable"},"yoast_head":"<!-- This site is optimized with the Yoast SEO plugin v27.4 - https:\/\/yoast.com\/product\/yoast-seo-wordpress\/ -->\n<title>Acople para 2 Perros (20mm) - Traildog<\/title>\n<meta name=\"robots\" content=\"index, follow, max-snippet:-1, max-image-preview:large, max-video-preview:-1\" \/>\n<link rel=\"canonical\" href=\"https:\/\/traildog-pet.com\/?product=acoplamiento-para-dos-perros-20mm\" \/>\n<meta property=\"og:locale\" content=\"es_ES\" \/>\n<meta property=\"og:type\" content=\"article\" \/>\n<meta property=\"og:title\" content=\"Acople para 2 Perros (20mm) - Traildog\" \/>\n<meta property=\"og:description\" content=\"Acople para llevar dos perros a la vez  Para perros de hasta 25 kg  2 Mosquetones cl\u00e1sicos cromados, de talla mediana  Con regulador  Ancho de la cinta plana: 20 mm  Aro sujetador cromado  Costuras reforzadas.\" \/>\n<meta property=\"og:url\" content=\"https:\/\/traildog-pet.com\/?product=acoplamiento-para-dos-perros-20mm\" \/>\n<meta property=\"og:site_name\" content=\"Traildog\" \/>\n<meta property=\"article:publisher\" content=\"https:\/\/www.facebook.com\/traildogpet\" \/>\n<meta property=\"article:modified_time\" content=\"2022-08-09T13:25:10+00:00\" \/>\n<meta property=\"og:image\" content=\"https:\/\/traildog-pet.com\/wp-content\/uploads\/2022\/05\/Acople-aluminio-Rojo.jpg\" \/>\n\t<meta property=\"og:image:width\" content=\"600\" \/>\n\t<meta property=\"og:image:height\" content=\"600\" \/>\n\t<meta property=\"og:image:type\" content=\"image\/jpeg\" \/>\n<meta name=\"twitter:card\" content=\"summary_large_image\" \/>\n<meta name=\"twitter:label1\" content=\"Tiempo de lectura\" \/>\n\t<meta name=\"twitter:data1\" content=\"1 minuto\" \/>\n<script type=\"application\/ld+json\" class=\"yoast-schema-graph\">{\"@context\":\"https:\\\/\\\/schema.org\",\"@graph\":[{\"@type\":\"WebPage\",\"@id\":\"https:\\\/\\\/traildog-pet.com\\\/?product=acoplamiento-para-dos-perros-20mm\",\"url\":\"https:\\\/\\\/traildog-pet.com\\\/?product=acoplamiento-para-dos-perros-20mm\",\"name\":\"Acople para 2 Perros (20mm) - Traildog\",\"isPartOf\":{\"@id\":\"https:\\\/\\\/traildog-pet.com\\\/#website\"},\"primaryImageOfPage\":{\"@id\":\"https:\\\/\\\/traildog-pet.com\\\/?product=acoplamiento-para-dos-perros-20mm#primaryimage\"},\"image\":{\"@id\":\"https:\\\/\\\/traildog-pet.com\\\/?product=acoplamiento-para-dos-perros-20mm#primaryimage\"},\"thumbnailUrl\":\"https:\\\/\\\/traildog-pet.com\\\/wp-content\\\/uploads\\\/2022\\\/05\\\/Acople-aluminio-Rojo.jpg\",\"datePublished\":\"2021-09-02T13:28:41+00:00\",\"dateModified\":\"2022-08-09T13:25:10+00:00\",\"breadcrumb\":{\"@id\":\"https:\\\/\\\/traildog-pet.com\\\/?product=acoplamiento-para-dos-perros-20mm#breadcrumb\"},\"inLanguage\":\"es\",\"potentialAction\":[{\"@type\":\"ReadAction\",\"target\":[\"https:\\\/\\\/traildog-pet.com\\\/?product=acoplamiento-para-dos-perros-20mm\"]}]},{\"@type\":\"ImageObject\",\"inLanguage\":\"es\",\"@id\":\"https:\\\/\\\/traildog-pet.com\\\/?product=acoplamiento-para-dos-perros-20mm#primaryimage\",\"url\":\"https:\\\/\\\/traildog-pet.com\\\/wp-content\\\/uploads\\\/2022\\\/05\\\/Acople-aluminio-Rojo.jpg\",\"contentUrl\":\"https:\\\/\\\/traildog-pet.com\\\/wp-content\\\/uploads\\\/2022\\\/05\\\/Acople-aluminio-Rojo.jpg\",\"width\":600,\"height\":600},{\"@type\":\"BreadcrumbList\",\"@id\":\"https:\\\/\\\/traildog-pet.com\\\/?product=acoplamiento-para-dos-perros-20mm#breadcrumb\",\"itemListElement\":[{\"@type\":\"ListItem\",\"position\":1,\"name\":\"Portada\",\"item\":\"https:\\\/\\\/traildog-pet.com\\\/\"},{\"@type\":\"ListItem\",\"position\":2,\"name\":\"Tienda\",\"item\":\"https:\\\/\\\/traildog-pet.com\\\/?page_id=6\"},{\"@type\":\"ListItem\",\"position\":3,\"name\":\"Acople para 2 Perros (20mm)\"}]},{\"@type\":\"WebSite\",\"@id\":\"https:\\\/\\\/traildog-pet.com\\\/#website\",\"url\":\"https:\\\/\\\/traildog-pet.com\\\/\",\"name\":\"Traildog\",\"description\":\"Traildog\",\"publisher\":{\"@id\":\"https:\\\/\\\/traildog-pet.com\\\/#organization\"},\"alternateName\":\"Equipamiento para el sector del mundo canino.\",\"potentialAction\":[{\"@type\":\"SearchAction\",\"target\":{\"@type\":\"EntryPoint\",\"urlTemplate\":\"https:\\\/\\\/traildog-pet.com\\\/?s={search_term_string}\"},\"query-input\":{\"@type\":\"PropertyValueSpecification\",\"valueRequired\":true,\"valueName\":\"search_term_string\"}}],\"inLanguage\":\"es\"},{\"@type\":\"Organization\",\"@id\":\"https:\\\/\\\/traildog-pet.com\\\/#organization\",\"name\":\"Traildog Pet Products\",\"alternateName\":\"Venta de accesorios para las mascotas, esclusivos para profesionales(Tiendas, Adiestradores, Educadores y Clinicas veterinarias.)\",\"url\":\"https:\\\/\\\/traildog-pet.com\\\/\",\"logo\":{\"@type\":\"ImageObject\",\"inLanguage\":\"es\",\"@id\":\"https:\\\/\\\/traildog-pet.com\\\/#\\\/schema\\\/logo\\\/image\\\/\",\"url\":\"https:\\\/\\\/traildog-pet.com\\\/wp-content\\\/uploads\\\/2022\\\/11\\\/TrailDog2.3.jpg\",\"contentUrl\":\"https:\\\/\\\/traildog-pet.com\\\/wp-content\\\/uploads\\\/2022\\\/11\\\/TrailDog2.3.jpg\",\"width\":596,\"height\":113,\"caption\":\"Traildog Pet Products\"},\"image\":{\"@id\":\"https:\\\/\\\/traildog-pet.com\\\/#\\\/schema\\\/logo\\\/image\\\/\"},\"sameAs\":[\"https:\\\/\\\/www.facebook.com\\\/traildogpet\",\"https:\\\/\\\/www.linkedin.com\\\/traildogPetProducts\"]}]}<\/script>\n<!-- \/ Yoast SEO plugin. -->","yoast_head_json":{"title":"Acople para 2 Perros (20mm) - Traildog","robots":{"index":"index","follow":"follow","max-snippet":"max-snippet:-1","max-image-preview":"max-image-preview:large","max-video-preview":"max-video-preview:-1"},"canonical":"https:\/\/traildog-pet.com\/?product=acoplamiento-para-dos-perros-20mm","og_locale":"es_ES","og_type":"article","og_title":"Acople para 2 Perros (20mm) - Traildog","og_description":"Acople para llevar dos perros a la vez  Para perros de hasta 25 kg  2 Mosquetones cl\u00e1sicos cromados, de talla mediana  Con regulador  Ancho de la cinta plana: 20 mm  Aro sujetador cromado  Costuras reforzadas.","og_url":"https:\/\/traildog-pet.com\/?product=acoplamiento-para-dos-perros-20mm","og_site_name":"Traildog","article_publisher":"https:\/\/www.facebook.com\/traildogpet","article_modified_time":"2022-08-09T13:25:10+00:00","og_image":[{"width":600,"height":600,"url":"https:\/\/traildog-pet.com\/wp-content\/uploads\/2022\/05\/Acople-aluminio-Rojo.jpg","type":"image\/jpeg"}],"twitter_card":"summary_large_image","twitter_misc":{"Tiempo de lectura":"1 minuto"},"schema":{"@context":"https:\/\/schema.org","@graph":[{"@type":"WebPage","@id":"https:\/\/traildog-pet.com\/?product=acoplamiento-para-dos-perros-20mm","url":"https:\/\/traildog-pet.com\/?product=acoplamiento-para-dos-perros-20mm","name":"Acople para 2 Perros (20mm) - Traildog","isPartOf":{"@id":"https:\/\/traildog-pet.com\/#website"},"primaryImageOfPage":{"@id":"https:\/\/traildog-pet.com\/?product=acoplamiento-para-dos-perros-20mm#primaryimage"},"image":{"@id":"https:\/\/traildog-pet.com\/?product=acoplamiento-para-dos-perros-20mm#primaryimage"},"thumbnailUrl":"https:\/\/traildog-pet.com\/wp-content\/uploads\/2022\/05\/Acople-aluminio-Rojo.jpg","datePublished":"2021-09-02T13:28:41+00:00","dateModified":"2022-08-09T13:25:10+00:00","breadcrumb":{"@id":"https:\/\/traildog-pet.com\/?product=acoplamiento-para-dos-perros-20mm#breadcrumb"},"inLanguage":"es","potentialAction":[{"@type":"ReadAction","target":["https:\/\/traildog-pet.com\/?product=acoplamiento-para-dos-perros-20mm"]}]},{"@type":"ImageObject","inLanguage":"es","@id":"https:\/\/traildog-pet.com\/?product=acoplamiento-para-dos-perros-20mm#primaryimage","url":"https:\/\/traildog-pet.com\/wp-content\/uploads\/2022\/05\/Acople-aluminio-Rojo.jpg","contentUrl":"https:\/\/traildog-pet.com\/wp-content\/uploads\/2022\/05\/Acople-aluminio-Rojo.jpg","width":600,"height":600},{"@type":"BreadcrumbList","@id":"https:\/\/traildog-pet.com\/?product=acoplamiento-para-dos-perros-20mm#breadcrumb","itemListElement":[{"@type":"ListItem","position":1,"name":"Portada","item":"https:\/\/traildog-pet.com\/"},{"@type":"ListItem","position":2,"name":"Tienda","item":"https:\/\/traildog-pet.com\/?page_id=6"},{"@type":"ListItem","position":3,"name":"Acople para 2 Perros (20mm)"}]},{"@type":"WebSite","@id":"https:\/\/traildog-pet.com\/#website","url":"https:\/\/traildog-pet.com\/","name":"Traildog","description":"Traildog","publisher":{"@id":"https:\/\/traildog-pet.com\/#organization"},"alternateName":"Equipamiento para el sector del mundo canino.","potentialAction":[{"@type":"SearchAction","target":{"@type":"EntryPoint","urlTemplate":"https:\/\/traildog-pet.com\/?s={search_term_string}"},"query-input":{"@type":"PropertyValueSpecification","valueRequired":true,"valueName":"search_term_string"}}],"inLanguage":"es"},{"@type":"Organization","@id":"https:\/\/traildog-pet.com\/#organization","name":"Traildog Pet Products","alternateName":"Venta de accesorios para las mascotas, esclusivos para profesionales(Tiendas, Adiestradores, Educadores y Clinicas veterinarias.)","url":"https:\/\/traildog-pet.com\/","logo":{"@type":"ImageObject","inLanguage":"es","@id":"https:\/\/traildog-pet.com\/#\/schema\/logo\/image\/","url":"https:\/\/traildog-pet.com\/wp-content\/uploads\/2022\/11\/TrailDog2.3.jpg","contentUrl":"https:\/\/traildog-pet.com\/wp-content\/uploads\/2022\/11\/TrailDog2.3.jpg","width":596,"height":113,"caption":"Traildog Pet Products"},"image":{"@id":"https:\/\/traildog-pet.com\/#\/schema\/logo\/image\/"},"sameAs":["https:\/\/www.facebook.com\/traildogpet","https:\/\/www.linkedin.com\/traildogPetProducts"]}]}},"_links":{"self":[{"href":"https:\/\/traildog-pet.com\/index.php?rest_route=\/wp\/v2\/product\/1171","targetHints":{"allow":["GET"]}}],"collection":[{"href":"https:\/\/traildog-pet.com\/index.php?rest_route=\/wp\/v2\/product"}],"about":[{"href":"https:\/\/traildog-pet.com\/index.php?rest_route=\/wp\/v2\/types\/product"}],"wp:featuredmedia":[{"embeddable":true,"href":"https:\/\/traildog-pet.com\/index.php?rest_route=\/wp\/v2\/media\/1496"}],"wp:attachment":[{"href":"https:\/\/traildog-pet.com\/index.php?rest_route=%2Fwp%2Fv2%2Fmedia&parent=1171"}],"wp:term":[{"taxonomy":"product_brand","embeddable":true,"href":"https:\/\/traildog-pet.com\/index.php?rest_route=%2Fwp%2Fv2%2Fproduct_brand&post=1171"},{"taxonomy":"product_cat","embeddable":true,"href":"https:\/\/traildog-pet.com\/index.php?rest_route=%2Fwp%2Fv2%2Fproduct_cat&post=1171"},{"taxonomy":"product_tag","embeddable":true,"href":"https:\/\/traildog-pet.com\/index.php?rest_route=%2Fwp%2Fv2%2Fproduct_tag&post=1171"}],"curies":[{"name":"wp","href":"https:\/\/api.w.org\/{rel}","templated":true}]}}