
{"id":1166,"date":"2021-09-01T14:42:59","date_gmt":"2021-09-01T14:42:59","guid":{"rendered":"https:\/\/traildog-pet.com\/?post_type=product&#038;p=1166"},"modified":"2024-11-28T13:25:37","modified_gmt":"2024-11-28T13:25:37","slug":"leon-molon","status":"publish","type":"product","link":"https:\/\/traildog-pet.com\/?product=leon-molon","title":{"rendered":"Le\u00f3n Mol\u00f3n"},"content":{"rendered":"<p>Seguramente vuestra mascota, quedar\u00e1 encantada con estos adorables peluches, ya que son muy agradables en cuanto a tacto, por sus diferentes texturas, tiernas y con ruidito similar a los que usan los bebes.<\/p>\n<p>Contiene bocina de pitido en su interior, para motivar el juego de las mascotas.<\/p>\n<p>Puedes elegir diferentes largos y dise\u00f1os.<\/p>\n<p>Bien confeccionados, ser\u00e1n el divertimento asegurado para los peque\u00f1ines.<\/p>\n","protected":false},"excerpt":{"rendered":"<div id=\"product-description-short-62\" class=\"product-short-description\">\n<div id=\"description\" class=\"tab-pane fade in active\">\n<div class=\"product-description\">\n<div id=\"product-description-short-67\" class=\"product-short-description\">\n<p>Juguete de peluche para perritos peque\u00f1os o cachorros<\/p>\n<p>Largo 25 cm<\/p>\n<p>Muy coloridos, con materiales de diferentes texturas<\/p>\n<p>Muy bien cosidos, materiales durables<\/p>\n<p>Un regalo dulce y muy agradable para vuestros perritos.<\/p>\n<\/div>\n<\/div>\n<\/div>\n<\/div>\n","protected":false},"featured_media":1763,"template":"","meta":{"neve_meta_sidebar":"","neve_meta_container":"","neve_meta_enable_content_width":"off","neve_meta_content_width":100,"neve_meta_title_alignment":"","neve_meta_author_avatar":"","neve_post_elements_order":"","neve_meta_disable_header":"","neve_meta_disable_footer":"","neve_meta_disable_title":""},"product_brand":[],"product_cat":[107],"product_tag":[],"class_list":{"0":"post-1166","1":"product","2":"type-product","3":"status-publish","4":"has-post-thumbnail","6":"product_cat-toys","8":"first","9":"instock","10":"taxable","11":"shipping-taxable","12":"purchasable","13":"product-type-simple"},"yoast_head":"<!-- This site is optimized with the Yoast SEO plugin v27.4 - https:\/\/yoast.com\/product\/yoast-seo-wordpress\/ -->\n<title>Le\u00f3n Mol\u00f3n - Traildog<\/title>\n<meta name=\"robots\" content=\"index, follow, max-snippet:-1, max-image-preview:large, max-video-preview:-1\" \/>\n<link rel=\"canonical\" href=\"https:\/\/traildog-pet.com\/?product=leon-molon\" \/>\n<meta property=\"og:locale\" content=\"es_ES\" \/>\n<meta property=\"og:type\" content=\"article\" \/>\n<meta property=\"og:title\" content=\"Le\u00f3n Mol\u00f3n - Traildog\" \/>\n<meta property=\"og:description\" content=\"Juguete de peluche para perritos peque\u00f1os o cachorros  Largo 25 cm  Muy coloridos, con materiales de diferentes texturas  Muy bien cosidos, materiales durables  Un regalo dulce y muy agradable para vuestros perritos.\" \/>\n<meta property=\"og:url\" content=\"https:\/\/traildog-pet.com\/?product=leon-molon\" \/>\n<meta property=\"og:site_name\" content=\"Traildog\" \/>\n<meta property=\"article:publisher\" content=\"https:\/\/www.facebook.com\/traildogpet\" \/>\n<meta property=\"article:modified_time\" content=\"2024-11-28T13:25:37+00:00\" \/>\n<meta property=\"og:image\" content=\"https:\/\/traildog-pet.com\/wp-content\/uploads\/2021\/09\/Juguete-Leon-Molon-1-Traildog.jpeg\" \/>\n\t<meta property=\"og:image:width\" content=\"600\" \/>\n\t<meta property=\"og:image:height\" content=\"600\" \/>\n\t<meta property=\"og:image:type\" content=\"image\/jpeg\" \/>\n<meta name=\"twitter:card\" content=\"summary_large_image\" \/>\n<meta name=\"twitter:label1\" content=\"Tiempo de lectura\" \/>\n\t<meta name=\"twitter:data1\" content=\"1 minuto\" \/>\n<script type=\"application\/ld+json\" class=\"yoast-schema-graph\">{\"@context\":\"https:\\\/\\\/schema.org\",\"@graph\":[{\"@type\":\"WebPage\",\"@id\":\"https:\\\/\\\/traildog-pet.com\\\/?product=leon-molon\",\"url\":\"https:\\\/\\\/traildog-pet.com\\\/?product=leon-molon\",\"name\":\"Le\u00f3n Mol\u00f3n - Traildog\",\"isPartOf\":{\"@id\":\"https:\\\/\\\/traildog-pet.com\\\/#website\"},\"primaryImageOfPage\":{\"@id\":\"https:\\\/\\\/traildog-pet.com\\\/?product=leon-molon#primaryimage\"},\"image\":{\"@id\":\"https:\\\/\\\/traildog-pet.com\\\/?product=leon-molon#primaryimage\"},\"thumbnailUrl\":\"https:\\\/\\\/traildog-pet.com\\\/wp-content\\\/uploads\\\/2021\\\/09\\\/Juguete-Leon-Molon-1-Traildog.jpeg\",\"datePublished\":\"2021-09-01T14:42:59+00:00\",\"dateModified\":\"2024-11-28T13:25:37+00:00\",\"breadcrumb\":{\"@id\":\"https:\\\/\\\/traildog-pet.com\\\/?product=leon-molon#breadcrumb\"},\"inLanguage\":\"es\",\"potentialAction\":[{\"@type\":\"ReadAction\",\"target\":[\"https:\\\/\\\/traildog-pet.com\\\/?product=leon-molon\"]}]},{\"@type\":\"ImageObject\",\"inLanguage\":\"es\",\"@id\":\"https:\\\/\\\/traildog-pet.com\\\/?product=leon-molon#primaryimage\",\"url\":\"https:\\\/\\\/traildog-pet.com\\\/wp-content\\\/uploads\\\/2021\\\/09\\\/Juguete-Leon-Molon-1-Traildog.jpeg\",\"contentUrl\":\"https:\\\/\\\/traildog-pet.com\\\/wp-content\\\/uploads\\\/2021\\\/09\\\/Juguete-Leon-Molon-1-Traildog.jpeg\",\"width\":600,\"height\":600},{\"@type\":\"BreadcrumbList\",\"@id\":\"https:\\\/\\\/traildog-pet.com\\\/?product=leon-molon#breadcrumb\",\"itemListElement\":[{\"@type\":\"ListItem\",\"position\":1,\"name\":\"Portada\",\"item\":\"https:\\\/\\\/traildog-pet.com\\\/\"},{\"@type\":\"ListItem\",\"position\":2,\"name\":\"Tienda\",\"item\":\"https:\\\/\\\/traildog-pet.com\\\/?page_id=6\"},{\"@type\":\"ListItem\",\"position\":3,\"name\":\"Le\u00f3n Mol\u00f3n\"}]},{\"@type\":\"WebSite\",\"@id\":\"https:\\\/\\\/traildog-pet.com\\\/#website\",\"url\":\"https:\\\/\\\/traildog-pet.com\\\/\",\"name\":\"Traildog\",\"description\":\"Traildog\",\"publisher\":{\"@id\":\"https:\\\/\\\/traildog-pet.com\\\/#organization\"},\"alternateName\":\"Equipamiento para el sector del mundo canino.\",\"potentialAction\":[{\"@type\":\"SearchAction\",\"target\":{\"@type\":\"EntryPoint\",\"urlTemplate\":\"https:\\\/\\\/traildog-pet.com\\\/?s={search_term_string}\"},\"query-input\":{\"@type\":\"PropertyValueSpecification\",\"valueRequired\":true,\"valueName\":\"search_term_string\"}}],\"inLanguage\":\"es\"},{\"@type\":\"Organization\",\"@id\":\"https:\\\/\\\/traildog-pet.com\\\/#organization\",\"name\":\"Traildog Pet Products\",\"alternateName\":\"Venta de accesorios para las mascotas, esclusivos para profesionales(Tiendas, Adiestradores, Educadores y Clinicas veterinarias.)\",\"url\":\"https:\\\/\\\/traildog-pet.com\\\/\",\"logo\":{\"@type\":\"ImageObject\",\"inLanguage\":\"es\",\"@id\":\"https:\\\/\\\/traildog-pet.com\\\/#\\\/schema\\\/logo\\\/image\\\/\",\"url\":\"https:\\\/\\\/traildog-pet.com\\\/wp-content\\\/uploads\\\/2022\\\/11\\\/TrailDog2.3.jpg\",\"contentUrl\":\"https:\\\/\\\/traildog-pet.com\\\/wp-content\\\/uploads\\\/2022\\\/11\\\/TrailDog2.3.jpg\",\"width\":596,\"height\":113,\"caption\":\"Traildog Pet Products\"},\"image\":{\"@id\":\"https:\\\/\\\/traildog-pet.com\\\/#\\\/schema\\\/logo\\\/image\\\/\"},\"sameAs\":[\"https:\\\/\\\/www.facebook.com\\\/traildogpet\",\"https:\\\/\\\/www.linkedin.com\\\/traildogPetProducts\"]}]}<\/script>\n<!-- \/ Yoast SEO plugin. -->","yoast_head_json":{"title":"Le\u00f3n Mol\u00f3n - Traildog","robots":{"index":"index","follow":"follow","max-snippet":"max-snippet:-1","max-image-preview":"max-image-preview:large","max-video-preview":"max-video-preview:-1"},"canonical":"https:\/\/traildog-pet.com\/?product=leon-molon","og_locale":"es_ES","og_type":"article","og_title":"Le\u00f3n Mol\u00f3n - Traildog","og_description":"Juguete de peluche para perritos peque\u00f1os o cachorros  Largo 25 cm  Muy coloridos, con materiales de diferentes texturas  Muy bien cosidos, materiales durables  Un regalo dulce y muy agradable para vuestros perritos.","og_url":"https:\/\/traildog-pet.com\/?product=leon-molon","og_site_name":"Traildog","article_publisher":"https:\/\/www.facebook.com\/traildogpet","article_modified_time":"2024-11-28T13:25:37+00:00","og_image":[{"width":600,"height":600,"url":"https:\/\/traildog-pet.com\/wp-content\/uploads\/2021\/09\/Juguete-Leon-Molon-1-Traildog.jpeg","type":"image\/jpeg"}],"twitter_card":"summary_large_image","twitter_misc":{"Tiempo de lectura":"1 minuto"},"schema":{"@context":"https:\/\/schema.org","@graph":[{"@type":"WebPage","@id":"https:\/\/traildog-pet.com\/?product=leon-molon","url":"https:\/\/traildog-pet.com\/?product=leon-molon","name":"Le\u00f3n Mol\u00f3n - Traildog","isPartOf":{"@id":"https:\/\/traildog-pet.com\/#website"},"primaryImageOfPage":{"@id":"https:\/\/traildog-pet.com\/?product=leon-molon#primaryimage"},"image":{"@id":"https:\/\/traildog-pet.com\/?product=leon-molon#primaryimage"},"thumbnailUrl":"https:\/\/traildog-pet.com\/wp-content\/uploads\/2021\/09\/Juguete-Leon-Molon-1-Traildog.jpeg","datePublished":"2021-09-01T14:42:59+00:00","dateModified":"2024-11-28T13:25:37+00:00","breadcrumb":{"@id":"https:\/\/traildog-pet.com\/?product=leon-molon#breadcrumb"},"inLanguage":"es","potentialAction":[{"@type":"ReadAction","target":["https:\/\/traildog-pet.com\/?product=leon-molon"]}]},{"@type":"ImageObject","inLanguage":"es","@id":"https:\/\/traildog-pet.com\/?product=leon-molon#primaryimage","url":"https:\/\/traildog-pet.com\/wp-content\/uploads\/2021\/09\/Juguete-Leon-Molon-1-Traildog.jpeg","contentUrl":"https:\/\/traildog-pet.com\/wp-content\/uploads\/2021\/09\/Juguete-Leon-Molon-1-Traildog.jpeg","width":600,"height":600},{"@type":"BreadcrumbList","@id":"https:\/\/traildog-pet.com\/?product=leon-molon#breadcrumb","itemListElement":[{"@type":"ListItem","position":1,"name":"Portada","item":"https:\/\/traildog-pet.com\/"},{"@type":"ListItem","position":2,"name":"Tienda","item":"https:\/\/traildog-pet.com\/?page_id=6"},{"@type":"ListItem","position":3,"name":"Le\u00f3n Mol\u00f3n"}]},{"@type":"WebSite","@id":"https:\/\/traildog-pet.com\/#website","url":"https:\/\/traildog-pet.com\/","name":"Traildog","description":"Traildog","publisher":{"@id":"https:\/\/traildog-pet.com\/#organization"},"alternateName":"Equipamiento para el sector del mundo canino.","potentialAction":[{"@type":"SearchAction","target":{"@type":"EntryPoint","urlTemplate":"https:\/\/traildog-pet.com\/?s={search_term_string}"},"query-input":{"@type":"PropertyValueSpecification","valueRequired":true,"valueName":"search_term_string"}}],"inLanguage":"es"},{"@type":"Organization","@id":"https:\/\/traildog-pet.com\/#organization","name":"Traildog Pet Products","alternateName":"Venta de accesorios para las mascotas, esclusivos para profesionales(Tiendas, Adiestradores, Educadores y Clinicas veterinarias.)","url":"https:\/\/traildog-pet.com\/","logo":{"@type":"ImageObject","inLanguage":"es","@id":"https:\/\/traildog-pet.com\/#\/schema\/logo\/image\/","url":"https:\/\/traildog-pet.com\/wp-content\/uploads\/2022\/11\/TrailDog2.3.jpg","contentUrl":"https:\/\/traildog-pet.com\/wp-content\/uploads\/2022\/11\/TrailDog2.3.jpg","width":596,"height":113,"caption":"Traildog Pet Products"},"image":{"@id":"https:\/\/traildog-pet.com\/#\/schema\/logo\/image\/"},"sameAs":["https:\/\/www.facebook.com\/traildogpet","https:\/\/www.linkedin.com\/traildogPetProducts"]}]}},"_links":{"self":[{"href":"https:\/\/traildog-pet.com\/index.php?rest_route=\/wp\/v2\/product\/1166","targetHints":{"allow":["GET"]}}],"collection":[{"href":"https:\/\/traildog-pet.com\/index.php?rest_route=\/wp\/v2\/product"}],"about":[{"href":"https:\/\/traildog-pet.com\/index.php?rest_route=\/wp\/v2\/types\/product"}],"wp:featuredmedia":[{"embeddable":true,"href":"https:\/\/traildog-pet.com\/index.php?rest_route=\/wp\/v2\/media\/1763"}],"wp:attachment":[{"href":"https:\/\/traildog-pet.com\/index.php?rest_route=%2Fwp%2Fv2%2Fmedia&parent=1166"}],"wp:term":[{"taxonomy":"product_brand","embeddable":true,"href":"https:\/\/traildog-pet.com\/index.php?rest_route=%2Fwp%2Fv2%2Fproduct_brand&post=1166"},{"taxonomy":"product_cat","embeddable":true,"href":"https:\/\/traildog-pet.com\/index.php?rest_route=%2Fwp%2Fv2%2Fproduct_cat&post=1166"},{"taxonomy":"product_tag","embeddable":true,"href":"https:\/\/traildog-pet.com\/index.php?rest_route=%2Fwp%2Fv2%2Fproduct_tag&post=1166"}],"curies":[{"name":"wp","href":"https:\/\/api.w.org\/{rel}","templated":true}]}}