
{"id":1120,"date":"2021-08-12T12:38:17","date_gmt":"2021-08-12T12:38:17","guid":{"rendered":"https:\/\/traildog-pet.com\/?post_type=product&#038;p=1120"},"modified":"2023-05-27T15:44:42","modified_gmt":"2023-05-27T15:44:42","slug":"correa-kanata-sport","status":"publish","type":"product","link":"https:\/\/traildog-pet.com\/?product=correa-kanata-sport","title":{"rendered":"Correa Kanata Sport"},"content":{"rendered":"<p>La correa KANATA SPORT, es un producto muy destacado en el catalogo de TRAILDOG, sus materiales la hacen unica en su gama.<\/p>\n<p>La cinta de nylon, en esta ocasi\u00f3n de polyamida, es muy suave al tacto y sumamente resistente. Este material es usado en el mundo de la escalada, y confiere un punto extra de protecci\u00f3n en cuanto a seguridad y durabilidad.<\/p>\n<p>Los mosquetones pueden ser de dos clases diferentes:<\/p>\n<p>&#8211; Mosquet\u00f3n escalada: Este esta fabricado en aleaci\u00f3n de aluminio, es liviano y muy resistente, puede soportar una tensi\u00f3n de 500 kg, Tambien cuenta con el sistema automatico de seguridad en el pestillo del mismo, que le confiere un extra en seguridad. Este mosquet\u00f3n es un material que le otorga una personalidad unica a esta correa.<\/p>\n<p>&#8211; Mosquet\u00f3n Cromo basico: Es tipico mosquet\u00f3n usado en la industria de las mascotas.<\/p>\n<p>&nbsp;<\/p>\n<p>En TRAILDOG estamos implicados en fabricar productos que duren mucho tiempo, por este motivo, seleccionamos las mejores materiales, para la fabricaci\u00f3n de nuestros productos de uso canino.<\/p>\n","protected":false},"excerpt":{"rendered":"<p>Correa muy resistente construida en cinta plana de 25 mm de ancho.<\/p>\n<p>Disponible con mosquet\u00f3n de escalada en aluminio o cromado basico<\/p>\n<p>Color: Negra y roja<\/p>\n<p>Ideal para perros medianos o grandes<\/p>\n","protected":false},"featured_media":1774,"template":"","meta":{"neve_meta_sidebar":"","neve_meta_container":"","neve_meta_enable_content_width":"off","neve_meta_content_width":100,"neve_meta_title_alignment":"","neve_meta_author_avatar":"","neve_post_elements_order":"","neve_meta_disable_header":"","neve_meta_disable_footer":"","neve_meta_disable_title":""},"product_brand":[],"product_cat":[34,130,118],"product_tag":[],"class_list":{"0":"post-1120","1":"product","2":"type-product","3":"status-publish","4":"has-post-thumbnail","6":"product_cat-correas","7":"product_cat-entreno","8":"product_cat-flat","10":"first","11":"instock","12":"taxable","13":"shipping-taxable","14":"purchasable","15":"product-type-variable"},"yoast_head":"<!-- This site is optimized with the Yoast SEO plugin v27.4 - https:\/\/yoast.com\/product\/yoast-seo-wordpress\/ -->\n<title>Correa Kanata Sport - Traildog<\/title>\n<meta name=\"robots\" content=\"index, follow, max-snippet:-1, max-image-preview:large, max-video-preview:-1\" \/>\n<link rel=\"canonical\" href=\"https:\/\/traildog-pet.com\/?product=correa-kanata-sport\" \/>\n<meta property=\"og:locale\" content=\"es_ES\" \/>\n<meta property=\"og:type\" content=\"article\" \/>\n<meta property=\"og:title\" content=\"Correa Kanata Sport - Traildog\" \/>\n<meta property=\"og:description\" content=\"Correa muy resistente construida en cinta plana de 25 mm de ancho.  Disponible con mosquet\u00f3n de escalada en aluminio o cromado basico  Color: Negra y roja  Ideal para perros medianos o grandes\" \/>\n<meta property=\"og:url\" content=\"https:\/\/traildog-pet.com\/?product=correa-kanata-sport\" \/>\n<meta property=\"og:site_name\" content=\"Traildog\" \/>\n<meta property=\"article:publisher\" content=\"https:\/\/www.facebook.com\/traildogpet\" \/>\n<meta property=\"article:modified_time\" content=\"2023-05-27T15:44:42+00:00\" \/>\n<meta property=\"og:image\" content=\"https:\/\/traildog-pet.com\/wp-content\/uploads\/2022\/05\/Correa-Kanata-25-mm-ancho-mosqueton-Escalada.jpeg\" \/>\n\t<meta property=\"og:image:width\" content=\"600\" \/>\n\t<meta property=\"og:image:height\" content=\"600\" \/>\n\t<meta property=\"og:image:type\" content=\"image\/jpeg\" \/>\n<meta name=\"twitter:card\" content=\"summary_large_image\" \/>\n<meta name=\"twitter:label1\" content=\"Tiempo de lectura\" \/>\n\t<meta name=\"twitter:data1\" content=\"1 minuto\" \/>\n<script type=\"application\/ld+json\" class=\"yoast-schema-graph\">{\"@context\":\"https:\\\/\\\/schema.org\",\"@graph\":[{\"@type\":\"WebPage\",\"@id\":\"https:\\\/\\\/traildog-pet.com\\\/?product=correa-kanata-sport\",\"url\":\"https:\\\/\\\/traildog-pet.com\\\/?product=correa-kanata-sport\",\"name\":\"Correa Kanata Sport - Traildog\",\"isPartOf\":{\"@id\":\"https:\\\/\\\/traildog-pet.com\\\/#website\"},\"primaryImageOfPage\":{\"@id\":\"https:\\\/\\\/traildog-pet.com\\\/?product=correa-kanata-sport#primaryimage\"},\"image\":{\"@id\":\"https:\\\/\\\/traildog-pet.com\\\/?product=correa-kanata-sport#primaryimage\"},\"thumbnailUrl\":\"https:\\\/\\\/traildog-pet.com\\\/wp-content\\\/uploads\\\/2022\\\/05\\\/Correa-Kanata-25-mm-ancho-mosqueton-Escalada.jpeg\",\"datePublished\":\"2021-08-12T12:38:17+00:00\",\"dateModified\":\"2023-05-27T15:44:42+00:00\",\"breadcrumb\":{\"@id\":\"https:\\\/\\\/traildog-pet.com\\\/?product=correa-kanata-sport#breadcrumb\"},\"inLanguage\":\"es\",\"potentialAction\":[{\"@type\":\"ReadAction\",\"target\":[\"https:\\\/\\\/traildog-pet.com\\\/?product=correa-kanata-sport\"]}]},{\"@type\":\"ImageObject\",\"inLanguage\":\"es\",\"@id\":\"https:\\\/\\\/traildog-pet.com\\\/?product=correa-kanata-sport#primaryimage\",\"url\":\"https:\\\/\\\/traildog-pet.com\\\/wp-content\\\/uploads\\\/2022\\\/05\\\/Correa-Kanata-25-mm-ancho-mosqueton-Escalada.jpeg\",\"contentUrl\":\"https:\\\/\\\/traildog-pet.com\\\/wp-content\\\/uploads\\\/2022\\\/05\\\/Correa-Kanata-25-mm-ancho-mosqueton-Escalada.jpeg\",\"width\":600,\"height\":600},{\"@type\":\"BreadcrumbList\",\"@id\":\"https:\\\/\\\/traildog-pet.com\\\/?product=correa-kanata-sport#breadcrumb\",\"itemListElement\":[{\"@type\":\"ListItem\",\"position\":1,\"name\":\"Portada\",\"item\":\"https:\\\/\\\/traildog-pet.com\\\/\"},{\"@type\":\"ListItem\",\"position\":2,\"name\":\"Tienda\",\"item\":\"https:\\\/\\\/traildog-pet.com\\\/?page_id=6\"},{\"@type\":\"ListItem\",\"position\":3,\"name\":\"Correa Kanata Sport\"}]},{\"@type\":\"WebSite\",\"@id\":\"https:\\\/\\\/traildog-pet.com\\\/#website\",\"url\":\"https:\\\/\\\/traildog-pet.com\\\/\",\"name\":\"Traildog\",\"description\":\"Traildog\",\"publisher\":{\"@id\":\"https:\\\/\\\/traildog-pet.com\\\/#organization\"},\"alternateName\":\"Equipamiento para el sector del mundo canino.\",\"potentialAction\":[{\"@type\":\"SearchAction\",\"target\":{\"@type\":\"EntryPoint\",\"urlTemplate\":\"https:\\\/\\\/traildog-pet.com\\\/?s={search_term_string}\"},\"query-input\":{\"@type\":\"PropertyValueSpecification\",\"valueRequired\":true,\"valueName\":\"search_term_string\"}}],\"inLanguage\":\"es\"},{\"@type\":\"Organization\",\"@id\":\"https:\\\/\\\/traildog-pet.com\\\/#organization\",\"name\":\"Traildog Pet Products\",\"alternateName\":\"Venta de accesorios para las mascotas, esclusivos para profesionales(Tiendas, Adiestradores, Educadores y Clinicas veterinarias.)\",\"url\":\"https:\\\/\\\/traildog-pet.com\\\/\",\"logo\":{\"@type\":\"ImageObject\",\"inLanguage\":\"es\",\"@id\":\"https:\\\/\\\/traildog-pet.com\\\/#\\\/schema\\\/logo\\\/image\\\/\",\"url\":\"https:\\\/\\\/traildog-pet.com\\\/wp-content\\\/uploads\\\/2022\\\/11\\\/TrailDog2.3.jpg\",\"contentUrl\":\"https:\\\/\\\/traildog-pet.com\\\/wp-content\\\/uploads\\\/2022\\\/11\\\/TrailDog2.3.jpg\",\"width\":596,\"height\":113,\"caption\":\"Traildog Pet Products\"},\"image\":{\"@id\":\"https:\\\/\\\/traildog-pet.com\\\/#\\\/schema\\\/logo\\\/image\\\/\"},\"sameAs\":[\"https:\\\/\\\/www.facebook.com\\\/traildogpet\",\"https:\\\/\\\/www.linkedin.com\\\/traildogPetProducts\"]}]}<\/script>\n<!-- \/ Yoast SEO plugin. -->","yoast_head_json":{"title":"Correa Kanata Sport - Traildog","robots":{"index":"index","follow":"follow","max-snippet":"max-snippet:-1","max-image-preview":"max-image-preview:large","max-video-preview":"max-video-preview:-1"},"canonical":"https:\/\/traildog-pet.com\/?product=correa-kanata-sport","og_locale":"es_ES","og_type":"article","og_title":"Correa Kanata Sport - Traildog","og_description":"Correa muy resistente construida en cinta plana de 25 mm de ancho.  Disponible con mosquet\u00f3n de escalada en aluminio o cromado basico  Color: Negra y roja  Ideal para perros medianos o grandes","og_url":"https:\/\/traildog-pet.com\/?product=correa-kanata-sport","og_site_name":"Traildog","article_publisher":"https:\/\/www.facebook.com\/traildogpet","article_modified_time":"2023-05-27T15:44:42+00:00","og_image":[{"width":600,"height":600,"url":"https:\/\/traildog-pet.com\/wp-content\/uploads\/2022\/05\/Correa-Kanata-25-mm-ancho-mosqueton-Escalada.jpeg","type":"image\/jpeg"}],"twitter_card":"summary_large_image","twitter_misc":{"Tiempo de lectura":"1 minuto"},"schema":{"@context":"https:\/\/schema.org","@graph":[{"@type":"WebPage","@id":"https:\/\/traildog-pet.com\/?product=correa-kanata-sport","url":"https:\/\/traildog-pet.com\/?product=correa-kanata-sport","name":"Correa Kanata Sport - Traildog","isPartOf":{"@id":"https:\/\/traildog-pet.com\/#website"},"primaryImageOfPage":{"@id":"https:\/\/traildog-pet.com\/?product=correa-kanata-sport#primaryimage"},"image":{"@id":"https:\/\/traildog-pet.com\/?product=correa-kanata-sport#primaryimage"},"thumbnailUrl":"https:\/\/traildog-pet.com\/wp-content\/uploads\/2022\/05\/Correa-Kanata-25-mm-ancho-mosqueton-Escalada.jpeg","datePublished":"2021-08-12T12:38:17+00:00","dateModified":"2023-05-27T15:44:42+00:00","breadcrumb":{"@id":"https:\/\/traildog-pet.com\/?product=correa-kanata-sport#breadcrumb"},"inLanguage":"es","potentialAction":[{"@type":"ReadAction","target":["https:\/\/traildog-pet.com\/?product=correa-kanata-sport"]}]},{"@type":"ImageObject","inLanguage":"es","@id":"https:\/\/traildog-pet.com\/?product=correa-kanata-sport#primaryimage","url":"https:\/\/traildog-pet.com\/wp-content\/uploads\/2022\/05\/Correa-Kanata-25-mm-ancho-mosqueton-Escalada.jpeg","contentUrl":"https:\/\/traildog-pet.com\/wp-content\/uploads\/2022\/05\/Correa-Kanata-25-mm-ancho-mosqueton-Escalada.jpeg","width":600,"height":600},{"@type":"BreadcrumbList","@id":"https:\/\/traildog-pet.com\/?product=correa-kanata-sport#breadcrumb","itemListElement":[{"@type":"ListItem","position":1,"name":"Portada","item":"https:\/\/traildog-pet.com\/"},{"@type":"ListItem","position":2,"name":"Tienda","item":"https:\/\/traildog-pet.com\/?page_id=6"},{"@type":"ListItem","position":3,"name":"Correa Kanata Sport"}]},{"@type":"WebSite","@id":"https:\/\/traildog-pet.com\/#website","url":"https:\/\/traildog-pet.com\/","name":"Traildog","description":"Traildog","publisher":{"@id":"https:\/\/traildog-pet.com\/#organization"},"alternateName":"Equipamiento para el sector del mundo canino.","potentialAction":[{"@type":"SearchAction","target":{"@type":"EntryPoint","urlTemplate":"https:\/\/traildog-pet.com\/?s={search_term_string}"},"query-input":{"@type":"PropertyValueSpecification","valueRequired":true,"valueName":"search_term_string"}}],"inLanguage":"es"},{"@type":"Organization","@id":"https:\/\/traildog-pet.com\/#organization","name":"Traildog Pet Products","alternateName":"Venta de accesorios para las mascotas, esclusivos para profesionales(Tiendas, Adiestradores, Educadores y Clinicas veterinarias.)","url":"https:\/\/traildog-pet.com\/","logo":{"@type":"ImageObject","inLanguage":"es","@id":"https:\/\/traildog-pet.com\/#\/schema\/logo\/image\/","url":"https:\/\/traildog-pet.com\/wp-content\/uploads\/2022\/11\/TrailDog2.3.jpg","contentUrl":"https:\/\/traildog-pet.com\/wp-content\/uploads\/2022\/11\/TrailDog2.3.jpg","width":596,"height":113,"caption":"Traildog Pet Products"},"image":{"@id":"https:\/\/traildog-pet.com\/#\/schema\/logo\/image\/"},"sameAs":["https:\/\/www.facebook.com\/traildogpet","https:\/\/www.linkedin.com\/traildogPetProducts"]}]}},"_links":{"self":[{"href":"https:\/\/traildog-pet.com\/index.php?rest_route=\/wp\/v2\/product\/1120","targetHints":{"allow":["GET"]}}],"collection":[{"href":"https:\/\/traildog-pet.com\/index.php?rest_route=\/wp\/v2\/product"}],"about":[{"href":"https:\/\/traildog-pet.com\/index.php?rest_route=\/wp\/v2\/types\/product"}],"wp:featuredmedia":[{"embeddable":true,"href":"https:\/\/traildog-pet.com\/index.php?rest_route=\/wp\/v2\/media\/1774"}],"wp:attachment":[{"href":"https:\/\/traildog-pet.com\/index.php?rest_route=%2Fwp%2Fv2%2Fmedia&parent=1120"}],"wp:term":[{"taxonomy":"product_brand","embeddable":true,"href":"https:\/\/traildog-pet.com\/index.php?rest_route=%2Fwp%2Fv2%2Fproduct_brand&post=1120"},{"taxonomy":"product_cat","embeddable":true,"href":"https:\/\/traildog-pet.com\/index.php?rest_route=%2Fwp%2Fv2%2Fproduct_cat&post=1120"},{"taxonomy":"product_tag","embeddable":true,"href":"https:\/\/traildog-pet.com\/index.php?rest_route=%2Fwp%2Fv2%2Fproduct_tag&post=1120"}],"curies":[{"name":"wp","href":"https:\/\/api.w.org\/{rel}","templated":true}]}}