
{"id":110,"date":"2021-04-10T11:17:37","date_gmt":"2021-04-10T11:17:37","guid":{"rendered":"https:\/\/traildog-pet.com\/?post_type=product&#038;p=110"},"modified":"2026-01-04T15:42:55","modified_gmt":"2026-01-04T15:42:55","slug":"correa-mountain-sling","status":"publish","type":"product","link":"https:\/\/traildog-pet.com\/?product=correa-mountain-sling","title":{"rendered":"Correa Mountain Sling"},"content":{"rendered":"<p>Podemos hablar de unas de las mejores correas planas del mercado, construidas con materiales ultras reforzados de la mas alta calidad, usados en las eslingas de escalada.<br \/>\nCuando decidimos fabricar esta correa, nos inspiramos en esas correas que us\u00e1bamos cuando realiz\u00e1bamos el paseo canino en grupo, algunas correas duraban poco tiempo, pero otras eran geniales y hasta parec\u00eda que las fabricaban para toda la vida. Esta fue una de las primeras correas que dise\u00f1amos y quer\u00edamos que sea de esas correas, para toda la vida. Te sugiero que la pruebes, compra una y veras que no te defraudar\u00e1. Sus materiales son incre\u00edbles, la cinta de poliamida es super resistente, cuanto mas la uses, mas te gustar\u00e1. El mosquet\u00f3n de escalada, es lo mas, c\u00f3modo, liviano, practico, deportivo, elegante, y dise\u00f1ado para siempre. Que mas puedo decir&#8230;&#8230; por algo es una de las correas mas vendidas.<br \/>\nSu fortaleza es tal que soporta una tensi\u00f3n de 25.000 Newtons, ademas tiene costuras reforzadas.<br \/>\nNo quema las manos y no se deshilacha.<br \/>\nUna correa especial para paseos por la ciudad, y sobre todo para lo que fue concebida, los entrenamientos, y los deportes caninos.<\/p>\n<p>En el v\u00eddeo, te explicamos las caracter\u00edsticas de las correas Eslinga de Monta\u00f1a<\/p>\n<p><iframe loading=\"lazy\" src=\"https:\/\/www.youtube.com\/embed\/ZLbFvtHPj2s\" width=\"605\" height=\"340\" frameborder=\"0\" data-mce-fragment=\"1\"><\/iframe><\/p>\n","protected":false},"excerpt":{"rendered":"<p>Exelente correa fabricada con materiales de escalada<\/p>\n<p>Ultra resistente a las rozaduras<\/p>\n<p>Mosquet\u00f3n de escalada, fabricado con aluminio reforzado<\/p>\n<p>Comoda de sujetar y no quema las manos<\/p>\n<p>Tres colores<\/p>\n","protected":false},"featured_media":181,"template":"","meta":{"neve_meta_sidebar":"","neve_meta_container":"","neve_meta_enable_content_width":"off","neve_meta_content_width":100,"neve_meta_title_alignment":"","neve_meta_author_avatar":"","neve_post_elements_order":"","neve_meta_disable_header":"","neve_meta_disable_footer":"","neve_meta_disable_title":""},"product_brand":[],"product_cat":[34,130,118],"product_tag":[],"class_list":{"0":"post-110","1":"product","2":"type-product","3":"status-publish","4":"has-post-thumbnail","6":"product_cat-correas","7":"product_cat-entreno","8":"product_cat-flat","10":"first","11":"instock","12":"taxable","13":"shipping-taxable","14":"purchasable","15":"product-type-variable"},"yoast_head":"<!-- This site is optimized with the Yoast SEO plugin v27.4 - https:\/\/yoast.com\/product\/yoast-seo-wordpress\/ -->\n<title>Correa Mountain Sling - Traildog<\/title>\n<meta name=\"robots\" content=\"index, follow, max-snippet:-1, max-image-preview:large, max-video-preview:-1\" \/>\n<link rel=\"canonical\" href=\"https:\/\/traildog-pet.com\/?product=correa-mountain-sling\" \/>\n<meta property=\"og:locale\" content=\"es_ES\" \/>\n<meta property=\"og:type\" content=\"article\" \/>\n<meta property=\"og:title\" content=\"Correa Mountain Sling - Traildog\" \/>\n<meta property=\"og:description\" content=\"Exelente correa fabricada con materiales de escalada  Ultra resistente a las rozaduras  Mosquet\u00f3n de escalada, fabricado con aluminio reforzado  Comoda de sujetar y no quema las manos  Tres colores\" \/>\n<meta property=\"og:url\" content=\"https:\/\/traildog-pet.com\/?product=correa-mountain-sling\" \/>\n<meta property=\"og:site_name\" content=\"Traildog\" \/>\n<meta property=\"article:publisher\" content=\"https:\/\/www.facebook.com\/traildogpet\" \/>\n<meta property=\"article:modified_time\" content=\"2026-01-04T15:42:55+00:00\" \/>\n<meta property=\"og:image\" content=\"https:\/\/traildog-pet.com\/wp-content\/uploads\/2021\/04\/correa-mountain-sling.jpg\" \/>\n\t<meta property=\"og:image:width\" content=\"600\" \/>\n\t<meta property=\"og:image:height\" content=\"600\" \/>\n\t<meta property=\"og:image:type\" content=\"image\/jpeg\" \/>\n<meta name=\"twitter:card\" content=\"summary_large_image\" \/>\n<meta name=\"twitter:label1\" content=\"Tiempo de lectura\" \/>\n\t<meta name=\"twitter:data1\" content=\"2 minutos\" \/>\n<script type=\"application\/ld+json\" class=\"yoast-schema-graph\">{\"@context\":\"https:\\\/\\\/schema.org\",\"@graph\":[{\"@type\":\"WebPage\",\"@id\":\"https:\\\/\\\/traildog-pet.com\\\/?product=correa-mountain-sling\",\"url\":\"https:\\\/\\\/traildog-pet.com\\\/?product=correa-mountain-sling\",\"name\":\"Correa Mountain Sling - Traildog\",\"isPartOf\":{\"@id\":\"https:\\\/\\\/traildog-pet.com\\\/#website\"},\"primaryImageOfPage\":{\"@id\":\"https:\\\/\\\/traildog-pet.com\\\/?product=correa-mountain-sling#primaryimage\"},\"image\":{\"@id\":\"https:\\\/\\\/traildog-pet.com\\\/?product=correa-mountain-sling#primaryimage\"},\"thumbnailUrl\":\"https:\\\/\\\/traildog-pet.com\\\/wp-content\\\/uploads\\\/2021\\\/04\\\/correa-mountain-sling.jpg\",\"datePublished\":\"2021-04-10T11:17:37+00:00\",\"dateModified\":\"2026-01-04T15:42:55+00:00\",\"breadcrumb\":{\"@id\":\"https:\\\/\\\/traildog-pet.com\\\/?product=correa-mountain-sling#breadcrumb\"},\"inLanguage\":\"es\",\"potentialAction\":[{\"@type\":\"ReadAction\",\"target\":[\"https:\\\/\\\/traildog-pet.com\\\/?product=correa-mountain-sling\"]}]},{\"@type\":\"ImageObject\",\"inLanguage\":\"es\",\"@id\":\"https:\\\/\\\/traildog-pet.com\\\/?product=correa-mountain-sling#primaryimage\",\"url\":\"https:\\\/\\\/traildog-pet.com\\\/wp-content\\\/uploads\\\/2021\\\/04\\\/correa-mountain-sling.jpg\",\"contentUrl\":\"https:\\\/\\\/traildog-pet.com\\\/wp-content\\\/uploads\\\/2021\\\/04\\\/correa-mountain-sling.jpg\",\"width\":600,\"height\":600},{\"@type\":\"BreadcrumbList\",\"@id\":\"https:\\\/\\\/traildog-pet.com\\\/?product=correa-mountain-sling#breadcrumb\",\"itemListElement\":[{\"@type\":\"ListItem\",\"position\":1,\"name\":\"Portada\",\"item\":\"https:\\\/\\\/traildog-pet.com\\\/\"},{\"@type\":\"ListItem\",\"position\":2,\"name\":\"Tienda\",\"item\":\"https:\\\/\\\/traildog-pet.com\\\/?page_id=6\"},{\"@type\":\"ListItem\",\"position\":3,\"name\":\"Correa Mountain Sling\"}]},{\"@type\":\"WebSite\",\"@id\":\"https:\\\/\\\/traildog-pet.com\\\/#website\",\"url\":\"https:\\\/\\\/traildog-pet.com\\\/\",\"name\":\"Traildog\",\"description\":\"Traildog\",\"publisher\":{\"@id\":\"https:\\\/\\\/traildog-pet.com\\\/#organization\"},\"alternateName\":\"Equipamiento para el sector del mundo canino.\",\"potentialAction\":[{\"@type\":\"SearchAction\",\"target\":{\"@type\":\"EntryPoint\",\"urlTemplate\":\"https:\\\/\\\/traildog-pet.com\\\/?s={search_term_string}\"},\"query-input\":{\"@type\":\"PropertyValueSpecification\",\"valueRequired\":true,\"valueName\":\"search_term_string\"}}],\"inLanguage\":\"es\"},{\"@type\":\"Organization\",\"@id\":\"https:\\\/\\\/traildog-pet.com\\\/#organization\",\"name\":\"Traildog Pet Products\",\"alternateName\":\"Venta de accesorios para las mascotas, esclusivos para profesionales(Tiendas, Adiestradores, Educadores y Clinicas veterinarias.)\",\"url\":\"https:\\\/\\\/traildog-pet.com\\\/\",\"logo\":{\"@type\":\"ImageObject\",\"inLanguage\":\"es\",\"@id\":\"https:\\\/\\\/traildog-pet.com\\\/#\\\/schema\\\/logo\\\/image\\\/\",\"url\":\"https:\\\/\\\/traildog-pet.com\\\/wp-content\\\/uploads\\\/2022\\\/11\\\/TrailDog2.3.jpg\",\"contentUrl\":\"https:\\\/\\\/traildog-pet.com\\\/wp-content\\\/uploads\\\/2022\\\/11\\\/TrailDog2.3.jpg\",\"width\":596,\"height\":113,\"caption\":\"Traildog Pet Products\"},\"image\":{\"@id\":\"https:\\\/\\\/traildog-pet.com\\\/#\\\/schema\\\/logo\\\/image\\\/\"},\"sameAs\":[\"https:\\\/\\\/www.facebook.com\\\/traildogpet\",\"https:\\\/\\\/www.linkedin.com\\\/traildogPetProducts\"]}]}<\/script>\n<!-- \/ Yoast SEO plugin. -->","yoast_head_json":{"title":"Correa Mountain Sling - Traildog","robots":{"index":"index","follow":"follow","max-snippet":"max-snippet:-1","max-image-preview":"max-image-preview:large","max-video-preview":"max-video-preview:-1"},"canonical":"https:\/\/traildog-pet.com\/?product=correa-mountain-sling","og_locale":"es_ES","og_type":"article","og_title":"Correa Mountain Sling - Traildog","og_description":"Exelente correa fabricada con materiales de escalada  Ultra resistente a las rozaduras  Mosquet\u00f3n de escalada, fabricado con aluminio reforzado  Comoda de sujetar y no quema las manos  Tres colores","og_url":"https:\/\/traildog-pet.com\/?product=correa-mountain-sling","og_site_name":"Traildog","article_publisher":"https:\/\/www.facebook.com\/traildogpet","article_modified_time":"2026-01-04T15:42:55+00:00","og_image":[{"width":600,"height":600,"url":"https:\/\/traildog-pet.com\/wp-content\/uploads\/2021\/04\/correa-mountain-sling.jpg","type":"image\/jpeg"}],"twitter_card":"summary_large_image","twitter_misc":{"Tiempo de lectura":"2 minutos"},"schema":{"@context":"https:\/\/schema.org","@graph":[{"@type":"WebPage","@id":"https:\/\/traildog-pet.com\/?product=correa-mountain-sling","url":"https:\/\/traildog-pet.com\/?product=correa-mountain-sling","name":"Correa Mountain Sling - Traildog","isPartOf":{"@id":"https:\/\/traildog-pet.com\/#website"},"primaryImageOfPage":{"@id":"https:\/\/traildog-pet.com\/?product=correa-mountain-sling#primaryimage"},"image":{"@id":"https:\/\/traildog-pet.com\/?product=correa-mountain-sling#primaryimage"},"thumbnailUrl":"https:\/\/traildog-pet.com\/wp-content\/uploads\/2021\/04\/correa-mountain-sling.jpg","datePublished":"2021-04-10T11:17:37+00:00","dateModified":"2026-01-04T15:42:55+00:00","breadcrumb":{"@id":"https:\/\/traildog-pet.com\/?product=correa-mountain-sling#breadcrumb"},"inLanguage":"es","potentialAction":[{"@type":"ReadAction","target":["https:\/\/traildog-pet.com\/?product=correa-mountain-sling"]}]},{"@type":"ImageObject","inLanguage":"es","@id":"https:\/\/traildog-pet.com\/?product=correa-mountain-sling#primaryimage","url":"https:\/\/traildog-pet.com\/wp-content\/uploads\/2021\/04\/correa-mountain-sling.jpg","contentUrl":"https:\/\/traildog-pet.com\/wp-content\/uploads\/2021\/04\/correa-mountain-sling.jpg","width":600,"height":600},{"@type":"BreadcrumbList","@id":"https:\/\/traildog-pet.com\/?product=correa-mountain-sling#breadcrumb","itemListElement":[{"@type":"ListItem","position":1,"name":"Portada","item":"https:\/\/traildog-pet.com\/"},{"@type":"ListItem","position":2,"name":"Tienda","item":"https:\/\/traildog-pet.com\/?page_id=6"},{"@type":"ListItem","position":3,"name":"Correa Mountain Sling"}]},{"@type":"WebSite","@id":"https:\/\/traildog-pet.com\/#website","url":"https:\/\/traildog-pet.com\/","name":"Traildog","description":"Traildog","publisher":{"@id":"https:\/\/traildog-pet.com\/#organization"},"alternateName":"Equipamiento para el sector del mundo canino.","potentialAction":[{"@type":"SearchAction","target":{"@type":"EntryPoint","urlTemplate":"https:\/\/traildog-pet.com\/?s={search_term_string}"},"query-input":{"@type":"PropertyValueSpecification","valueRequired":true,"valueName":"search_term_string"}}],"inLanguage":"es"},{"@type":"Organization","@id":"https:\/\/traildog-pet.com\/#organization","name":"Traildog Pet Products","alternateName":"Venta de accesorios para las mascotas, esclusivos para profesionales(Tiendas, Adiestradores, Educadores y Clinicas veterinarias.)","url":"https:\/\/traildog-pet.com\/","logo":{"@type":"ImageObject","inLanguage":"es","@id":"https:\/\/traildog-pet.com\/#\/schema\/logo\/image\/","url":"https:\/\/traildog-pet.com\/wp-content\/uploads\/2022\/11\/TrailDog2.3.jpg","contentUrl":"https:\/\/traildog-pet.com\/wp-content\/uploads\/2022\/11\/TrailDog2.3.jpg","width":596,"height":113,"caption":"Traildog Pet Products"},"image":{"@id":"https:\/\/traildog-pet.com\/#\/schema\/logo\/image\/"},"sameAs":["https:\/\/www.facebook.com\/traildogpet","https:\/\/www.linkedin.com\/traildogPetProducts"]}]}},"_links":{"self":[{"href":"https:\/\/traildog-pet.com\/index.php?rest_route=\/wp\/v2\/product\/110","targetHints":{"allow":["GET"]}}],"collection":[{"href":"https:\/\/traildog-pet.com\/index.php?rest_route=\/wp\/v2\/product"}],"about":[{"href":"https:\/\/traildog-pet.com\/index.php?rest_route=\/wp\/v2\/types\/product"}],"wp:featuredmedia":[{"embeddable":true,"href":"https:\/\/traildog-pet.com\/index.php?rest_route=\/wp\/v2\/media\/181"}],"wp:attachment":[{"href":"https:\/\/traildog-pet.com\/index.php?rest_route=%2Fwp%2Fv2%2Fmedia&parent=110"}],"wp:term":[{"taxonomy":"product_brand","embeddable":true,"href":"https:\/\/traildog-pet.com\/index.php?rest_route=%2Fwp%2Fv2%2Fproduct_brand&post=110"},{"taxonomy":"product_cat","embeddable":true,"href":"https:\/\/traildog-pet.com\/index.php?rest_route=%2Fwp%2Fv2%2Fproduct_cat&post=110"},{"taxonomy":"product_tag","embeddable":true,"href":"https:\/\/traildog-pet.com\/index.php?rest_route=%2Fwp%2Fv2%2Fproduct_tag&post=110"}],"curies":[{"name":"wp","href":"https:\/\/api.w.org\/{rel}","templated":true}]}}