
{"id":2120,"date":"2022-08-11T02:16:31","date_gmt":"2022-08-11T02:16:31","guid":{"rendered":"https:\/\/traildog-pet.com\/?page_id=2120"},"modified":"2022-08-21T12:04:50","modified_gmt":"2022-08-21T12:04:50","slug":"aviso-legal","status":"publish","type":"page","link":"https:\/\/traildog-pet.com\/?page_id=2120","title":{"rendered":"Aviso legal"},"content":{"rendered":"<p>El presente sitio web es propiedad de TRAILDOG., tiene por objeto facilitar a nuestros clientes as\u00ed como a cualquier otro usuario, informaci\u00f3n relativa a los productos o servicios de TRAILDOG.<br \/>\nLe rogamos lea atentamente la siguiente informaci\u00f3n antes de hacer uso de esta p\u00e1gina web, ya que la utilizaci\u00f3n de la misma est\u00e1 sujeta a las siguientes condiciones de uso:<\/p>\n<p>1. Todos los derechos, incluyendo los derechos de copyright y de base de datos, sobre el sitio web y su contenido, son propiedad de TRAILDOG., o han sido concedidos a estos bajo licencia o utilizados de otra manera por TRAILDOG. seg\u00fan lo permita la ley aplicable o el titular del copyright.<br \/>\n2. La reproducci\u00f3n, copia, uso, distribuci\u00f3n, comercializaci\u00f3n, comunicaci\u00f3n p\u00fablica o cualquier otra actividad que se pueda llevar a cabo con la informaci\u00f3n contenida en estas p\u00e1ginas web y que se realice sin autorizaci\u00f3n expresa por parte de TRAILDOG. y\/o de los propietarios de las marcas, es una infracci\u00f3n que castiga la legislaci\u00f3n vigente.<br \/>\n3. Queda prohibida su reproducci\u00f3n, copia, uso, distribuci\u00f3n, comercializaci\u00f3n, comunicaci\u00f3n p\u00fablica o cualquier otra actividad que se pueda llevar a cabo con la informaci\u00f3n contenida en estas p\u00e1ginas web de forma total o parcial sin la autorizaci\u00f3n expresa de TRAILDOG. y de los propietarios de las marcas.<br \/>\n4. Los nombres y logotipos expuestos en estas p\u00e1ginas son marcas comerciales registradas, propiedad de TRAILDOG.<br \/>\n5. www.traildog-pet es un dominio registrado del propietario de TRAILDOG., los dominios de TRAILDOG-PET. no pueden ser empleados en relaci\u00f3n con otros productos o servicios que no sean de TRAILDOG., y que bajo ning\u00fan concepto pueda causar confusi\u00f3n entre los usuarios o descr\u00e9dito deTRAILDOG.<br \/>\n6. TRAILDOG., rechaza toda responsabilidad que se derive de la mala utilizaci\u00f3n de los contenidos expuestos en estas p\u00e1ginas y se reserva el derecho a actualizarlos, eliminarlos, establecer limitaciones o restringir su acceso en cualquier momento, de manera temporal o permanente.<br \/>\n7. TRAILDOG. no se hace responsable de los posibles errores de seguridad que se pudieran producir por el hecho de utilizar ordenadores infectados con Virus inform\u00e1ticos o de las consecuencias que se pudieran derivar del mal funcionamiento del navegador o por el uso de versiones no actualizadas de \u00e9ste.<br \/>\n8. TRAILDOG. se reserva la facultad de en cualquier momento y sin necesidad de previo aviso, realizar modificaciones y actualizaciones sobre la informaci\u00f3n contenida en su p\u00e1gina web o en su configuraci\u00f3n o en su presentaci\u00f3n.<br \/>\n9. Para utilizar algunos de los servicios ofrecidos en \u00e9sta p\u00e1gina web, los usuarios deben proporcionar a TRAILDOG-PET. ciertos datos de car\u00e1cter personal, por ello TRAILDOG-PET. se compromete a respetar la confidencialidad de dichos datos en aplicaci\u00f3n a lo dispuesto en el Reglamento (UE) 2016\/679 del Reglamento Europeo 2016\/679 de 27 de abril (RGPD), de Protecci\u00f3n de Datos de Car\u00e1cter Personal y a ajustarse a la Ley 56\/2007 de de 28 de diciembre, LISI , Ley de Medidas de Impulso de la Sociedad de la Informaci\u00f3n en cuanto a la tienda online y al env\u00edo de comunicaciones comerciales. M\u00e1s informaci\u00f3n en la secci\u00f3n \u00abPol\u00edtica de protecci\u00f3n de datos y privacidad\u00bb<br \/>\n10. Los correos electr\u00f3nicos y los archivos adjuntos enviados por TRAILDOG-PET., en su caso, contienen informaci\u00f3n confidencial y\/o protegida legalmente por leyes de propiedad intelectual o por otras leyes y no ser\u00e1n utilizados para ning\u00fan otro fin, ni ser\u00e1n publicados ni difundidos enteramente o en parte sin el previo consentimiento, por escrito, de TRAILDOG-PET.<br \/>\n11. El usuario es consciente y acepta voluntariamente que tanto el acceso a la p\u00e1gina web como el uso de cualesquiera de los contenidos en ella contenida tiene lugar, en todo caso, bajo su \u00fanica y exclusiva responsabilidad, y que se obliga a utilizarla de manera plenamente conforme con las leyes, los usos de tr\u00e1fico y las presentes condiciones por lo que responder\u00e1 frente a TRAILDOG-PET. o frente a terceros, de cualesquiera da\u00f1os y perjuicios que pudieran causarse como consecuencia del incumplimiento de dichas obligaciones.<\/p>\n<h3>Informaci\u00f3n de la empresa<\/h3>\n<p>Sede social:<br \/>\nTRAILDOG<br \/>\nCalle Farall\u00f3, n\u00ba4<br \/>\n07590 Cala Rajada, Mallorca.<\/p>\n<p>Tfno.: (+34) 971 56 33 28<br \/>\nWhatsapp: (+34) 666 971 873<br \/>\nEMail: info@traildog-pet.com<\/p>\n<p>NIF: X5204427X<\/p>\n<p>El logotipo TRAILDOG. es una marca registrada.<\/p>\n<p>Sitio web: www.traildog-pet.com<\/p>\n","protected":false},"excerpt":{"rendered":"<p>El presente sitio web es propiedad de TRAILDOG., tiene por objeto facilitar a nuestros clientes as\u00ed como a cualquier otro usuario, informaci\u00f3n relativa a los productos o servicios de TRAILDOG. Le rogamos lea atentamente la siguiente informaci\u00f3n antes de hacer uso de esta p\u00e1gina web, ya que la utilizaci\u00f3n de la misma est\u00e1 sujeta a&hellip;&nbsp;<a href=\"https:\/\/traildog-pet.com\/?page_id=2120\" rel=\"bookmark\">Leer m\u00e1s &raquo;<span class=\"screen-reader-text\">Aviso legal<\/span><\/a><\/p>\n","protected":false},"author":1,"featured_media":0,"parent":0,"menu_order":0,"comment_status":"closed","ping_status":"closed","template":"","meta":{"neve_meta_sidebar":"","neve_meta_container":"","neve_meta_enable_content_width":"","neve_meta_content_width":0,"neve_meta_title_alignment":"","neve_meta_author_avatar":"","neve_post_elements_order":"","neve_meta_disable_header":"","neve_meta_disable_footer":"","neve_meta_disable_title":"","footnotes":""},"class_list":["post-2120","page","type-page","status-publish","hentry"],"yoast_head":"<!-- This site is optimized with the Yoast SEO plugin v27.4 - https:\/\/yoast.com\/product\/yoast-seo-wordpress\/ -->\n<title>Aviso legal - Traildog<\/title>\n<meta name=\"robots\" content=\"index, follow, max-snippet:-1, max-image-preview:large, max-video-preview:-1\" \/>\n<link rel=\"canonical\" href=\"https:\/\/traildog-pet.com\/?page_id=2120\" \/>\n<meta property=\"og:locale\" content=\"es_ES\" \/>\n<meta property=\"og:type\" content=\"article\" \/>\n<meta property=\"og:title\" content=\"Aviso legal - Traildog\" \/>\n<meta property=\"og:description\" content=\"El presente sitio web es propiedad de TRAILDOG., tiene por objeto facilitar a nuestros clientes as\u00ed como a cualquier otro usuario, informaci\u00f3n relativa a los productos o servicios de TRAILDOG. Le rogamos lea atentamente la siguiente informaci\u00f3n antes de hacer uso de esta p\u00e1gina web, ya que la utilizaci\u00f3n de la misma est\u00e1 sujeta a&hellip;&nbsp;Leer m\u00e1s &raquo;Aviso legal\" \/>\n<meta property=\"og:url\" content=\"https:\/\/traildog-pet.com\/?page_id=2120\" \/>\n<meta property=\"og:site_name\" content=\"Traildog\" \/>\n<meta property=\"article:publisher\" content=\"https:\/\/www.facebook.com\/traildogpet\" \/>\n<meta property=\"article:modified_time\" content=\"2022-08-21T12:04:50+00:00\" \/>\n<meta name=\"twitter:card\" content=\"summary_large_image\" \/>\n<meta name=\"twitter:label1\" content=\"Tiempo de lectura\" \/>\n\t<meta name=\"twitter:data1\" content=\"4 minutos\" \/>\n<script type=\"application\/ld+json\" class=\"yoast-schema-graph\">{\"@context\":\"https:\\\/\\\/schema.org\",\"@graph\":[{\"@type\":\"WebPage\",\"@id\":\"https:\\\/\\\/traildog-pet.com\\\/?page_id=2120\",\"url\":\"https:\\\/\\\/traildog-pet.com\\\/?page_id=2120\",\"name\":\"Aviso legal - Traildog\",\"isPartOf\":{\"@id\":\"https:\\\/\\\/traildog-pet.com\\\/#website\"},\"datePublished\":\"2022-08-11T02:16:31+00:00\",\"dateModified\":\"2022-08-21T12:04:50+00:00\",\"breadcrumb\":{\"@id\":\"https:\\\/\\\/traildog-pet.com\\\/?page_id=2120#breadcrumb\"},\"inLanguage\":\"es\",\"potentialAction\":[{\"@type\":\"ReadAction\",\"target\":[\"https:\\\/\\\/traildog-pet.com\\\/?page_id=2120\"]}]},{\"@type\":\"BreadcrumbList\",\"@id\":\"https:\\\/\\\/traildog-pet.com\\\/?page_id=2120#breadcrumb\",\"itemListElement\":[{\"@type\":\"ListItem\",\"position\":1,\"name\":\"Portada\",\"item\":\"https:\\\/\\\/traildog-pet.com\\\/\"},{\"@type\":\"ListItem\",\"position\":2,\"name\":\"Aviso legal\"}]},{\"@type\":\"WebSite\",\"@id\":\"https:\\\/\\\/traildog-pet.com\\\/#website\",\"url\":\"https:\\\/\\\/traildog-pet.com\\\/\",\"name\":\"Traildog\",\"description\":\"Traildog\",\"publisher\":{\"@id\":\"https:\\\/\\\/traildog-pet.com\\\/#organization\"},\"alternateName\":\"Equipamiento para el sector del mundo canino.\",\"potentialAction\":[{\"@type\":\"SearchAction\",\"target\":{\"@type\":\"EntryPoint\",\"urlTemplate\":\"https:\\\/\\\/traildog-pet.com\\\/?s={search_term_string}\"},\"query-input\":{\"@type\":\"PropertyValueSpecification\",\"valueRequired\":true,\"valueName\":\"search_term_string\"}}],\"inLanguage\":\"es\"},{\"@type\":\"Organization\",\"@id\":\"https:\\\/\\\/traildog-pet.com\\\/#organization\",\"name\":\"Traildog Pet Products\",\"alternateName\":\"Venta de accesorios para las mascotas, esclusivos para profesionales(Tiendas, Adiestradores, Educadores y Clinicas veterinarias.)\",\"url\":\"https:\\\/\\\/traildog-pet.com\\\/\",\"logo\":{\"@type\":\"ImageObject\",\"inLanguage\":\"es\",\"@id\":\"https:\\\/\\\/traildog-pet.com\\\/#\\\/schema\\\/logo\\\/image\\\/\",\"url\":\"https:\\\/\\\/traildog-pet.com\\\/wp-content\\\/uploads\\\/2022\\\/11\\\/TrailDog2.3.jpg\",\"contentUrl\":\"https:\\\/\\\/traildog-pet.com\\\/wp-content\\\/uploads\\\/2022\\\/11\\\/TrailDog2.3.jpg\",\"width\":596,\"height\":113,\"caption\":\"Traildog Pet Products\"},\"image\":{\"@id\":\"https:\\\/\\\/traildog-pet.com\\\/#\\\/schema\\\/logo\\\/image\\\/\"},\"sameAs\":[\"https:\\\/\\\/www.facebook.com\\\/traildogpet\",\"https:\\\/\\\/www.linkedin.com\\\/traildogPetProducts\"]}]}<\/script>\n<!-- \/ Yoast SEO plugin. -->","yoast_head_json":{"title":"Aviso legal - Traildog","robots":{"index":"index","follow":"follow","max-snippet":"max-snippet:-1","max-image-preview":"max-image-preview:large","max-video-preview":"max-video-preview:-1"},"canonical":"https:\/\/traildog-pet.com\/?page_id=2120","og_locale":"es_ES","og_type":"article","og_title":"Aviso legal - Traildog","og_description":"El presente sitio web es propiedad de TRAILDOG., tiene por objeto facilitar a nuestros clientes as\u00ed como a cualquier otro usuario, informaci\u00f3n relativa a los productos o servicios de TRAILDOG. Le rogamos lea atentamente la siguiente informaci\u00f3n antes de hacer uso de esta p\u00e1gina web, ya que la utilizaci\u00f3n de la misma est\u00e1 sujeta a&hellip;&nbsp;Leer m\u00e1s &raquo;Aviso legal","og_url":"https:\/\/traildog-pet.com\/?page_id=2120","og_site_name":"Traildog","article_publisher":"https:\/\/www.facebook.com\/traildogpet","article_modified_time":"2022-08-21T12:04:50+00:00","twitter_card":"summary_large_image","twitter_misc":{"Tiempo de lectura":"4 minutos"},"schema":{"@context":"https:\/\/schema.org","@graph":[{"@type":"WebPage","@id":"https:\/\/traildog-pet.com\/?page_id=2120","url":"https:\/\/traildog-pet.com\/?page_id=2120","name":"Aviso legal - Traildog","isPartOf":{"@id":"https:\/\/traildog-pet.com\/#website"},"datePublished":"2022-08-11T02:16:31+00:00","dateModified":"2022-08-21T12:04:50+00:00","breadcrumb":{"@id":"https:\/\/traildog-pet.com\/?page_id=2120#breadcrumb"},"inLanguage":"es","potentialAction":[{"@type":"ReadAction","target":["https:\/\/traildog-pet.com\/?page_id=2120"]}]},{"@type":"BreadcrumbList","@id":"https:\/\/traildog-pet.com\/?page_id=2120#breadcrumb","itemListElement":[{"@type":"ListItem","position":1,"name":"Portada","item":"https:\/\/traildog-pet.com\/"},{"@type":"ListItem","position":2,"name":"Aviso legal"}]},{"@type":"WebSite","@id":"https:\/\/traildog-pet.com\/#website","url":"https:\/\/traildog-pet.com\/","name":"Traildog","description":"Traildog","publisher":{"@id":"https:\/\/traildog-pet.com\/#organization"},"alternateName":"Equipamiento para el sector del mundo canino.","potentialAction":[{"@type":"SearchAction","target":{"@type":"EntryPoint","urlTemplate":"https:\/\/traildog-pet.com\/?s={search_term_string}"},"query-input":{"@type":"PropertyValueSpecification","valueRequired":true,"valueName":"search_term_string"}}],"inLanguage":"es"},{"@type":"Organization","@id":"https:\/\/traildog-pet.com\/#organization","name":"Traildog Pet Products","alternateName":"Venta de accesorios para las mascotas, esclusivos para profesionales(Tiendas, Adiestradores, Educadores y Clinicas veterinarias.)","url":"https:\/\/traildog-pet.com\/","logo":{"@type":"ImageObject","inLanguage":"es","@id":"https:\/\/traildog-pet.com\/#\/schema\/logo\/image\/","url":"https:\/\/traildog-pet.com\/wp-content\/uploads\/2022\/11\/TrailDog2.3.jpg","contentUrl":"https:\/\/traildog-pet.com\/wp-content\/uploads\/2022\/11\/TrailDog2.3.jpg","width":596,"height":113,"caption":"Traildog Pet Products"},"image":{"@id":"https:\/\/traildog-pet.com\/#\/schema\/logo\/image\/"},"sameAs":["https:\/\/www.facebook.com\/traildogpet","https:\/\/www.linkedin.com\/traildogPetProducts"]}]}},"_links":{"self":[{"href":"https:\/\/traildog-pet.com\/index.php?rest_route=\/wp\/v2\/pages\/2120","targetHints":{"allow":["GET"]}}],"collection":[{"href":"https:\/\/traildog-pet.com\/index.php?rest_route=\/wp\/v2\/pages"}],"about":[{"href":"https:\/\/traildog-pet.com\/index.php?rest_route=\/wp\/v2\/types\/page"}],"author":[{"embeddable":true,"href":"https:\/\/traildog-pet.com\/index.php?rest_route=\/wp\/v2\/users\/1"}],"replies":[{"embeddable":true,"href":"https:\/\/traildog-pet.com\/index.php?rest_route=%2Fwp%2Fv2%2Fcomments&post=2120"}],"version-history":[{"count":2,"href":"https:\/\/traildog-pet.com\/index.php?rest_route=\/wp\/v2\/pages\/2120\/revisions"}],"predecessor-version":[{"id":2137,"href":"https:\/\/traildog-pet.com\/index.php?rest_route=\/wp\/v2\/pages\/2120\/revisions\/2137"}],"wp:attachment":[{"href":"https:\/\/traildog-pet.com\/index.php?rest_route=%2Fwp%2Fv2%2Fmedia&parent=2120"}],"curies":[{"name":"wp","href":"https:\/\/api.w.org\/{rel}","templated":true}]}}