
{"id":1806,"date":"2022-07-18T15:31:48","date_gmt":"2022-07-18T15:31:48","guid":{"rendered":"https:\/\/traildog-pet.com\/?page_id=1806"},"modified":"2022-07-27T12:08:39","modified_gmt":"2022-07-27T12:08:39","slug":"sobre-nosotros","status":"publish","type":"page","link":"https:\/\/traildog-pet.com\/?page_id=1806","title":{"rendered":"Sobre Nosotros"},"content":{"rendered":"\n<p style=\"font-style:normal;font-weight:400\">Despu\u00e9s de 17 a\u00f1os, deciden crear la marca TRAILDOG, fabricando correas y collares, y ampliando el cat\u00e1logo con diferentes arneses y juguetes.<br>Los productos estan orientados a un \u00e1mbito deportivo y de trabajo en la naturaleza. Se usan materiales de calidad, derivados del mundo de la escalada y el surf.<br>Cada producto est\u00e1 sometido a pruebas extremas, y estan en constante evoluci\u00f3n, para ser siempre mejorados.<br>Doron nuestra mascota (un Cattle Dog) se encarga de mordisquear, y poner a prueba cada producto.<br>Tambi\u00e9n trabajamos con adiestradores profesionales, que nos gu\u00edan con diferentes conceptos, sobre los productos.<\/p>\n\n\n\n<p>Cualquier sugerencia, siempre es bien recibida.<br>Esperamos que los productos TRAILDOG, cumplan con sus espectativas,<\/p>\n\n\n\n<p style=\"font-style:normal;font-weight:400\">Cristian y Nancy.<\/p>\n\n\n\n<p><\/p>\n","protected":false},"excerpt":{"rendered":"<p>Despu\u00e9s de 17 a\u00f1os, deciden crear la marca TRAILDOG, fabricando correas y collares, y ampliando el cat\u00e1logo con diferentes arneses y juguetes.Los productos estan orientados a un \u00e1mbito deportivo y de trabajo en la naturaleza. Se usan materiales de calidad, derivados del mundo de la escalada y el surf.Cada producto est\u00e1 sometido a pruebas extremas,&hellip;&nbsp;<a href=\"https:\/\/traildog-pet.com\/?page_id=1806\" rel=\"bookmark\">Leer m\u00e1s &raquo;<span class=\"screen-reader-text\">Sobre Nosotros<\/span><\/a><\/p>\n","protected":false},"author":1,"featured_media":0,"parent":0,"menu_order":0,"comment_status":"closed","ping_status":"closed","template":"","meta":{"neve_meta_sidebar":"","neve_meta_container":"","neve_meta_enable_content_width":"","neve_meta_content_width":0,"neve_meta_title_alignment":"","neve_meta_author_avatar":"","neve_post_elements_order":"","neve_meta_disable_header":"","neve_meta_disable_footer":"","neve_meta_disable_title":"","footnotes":""},"class_list":["post-1806","page","type-page","status-publish","hentry"],"yoast_head":"<!-- This site is optimized with the Yoast SEO plugin v27.4 - https:\/\/yoast.com\/product\/yoast-seo-wordpress\/ -->\n<title>Sobre Nosotros - Traildog<\/title>\n<meta name=\"robots\" content=\"index, follow, max-snippet:-1, max-image-preview:large, max-video-preview:-1\" \/>\n<link rel=\"canonical\" href=\"https:\/\/traildog-pet.com\/?page_id=1806\" \/>\n<meta property=\"og:locale\" content=\"es_ES\" \/>\n<meta property=\"og:type\" content=\"article\" \/>\n<meta property=\"og:title\" content=\"Sobre Nosotros - Traildog\" \/>\n<meta property=\"og:description\" content=\"Despu\u00e9s de 17 a\u00f1os, deciden crear la marca TRAILDOG, fabricando correas y collares, y ampliando el cat\u00e1logo con diferentes arneses y juguetes.Los productos estan orientados a un \u00e1mbito deportivo y de trabajo en la naturaleza. Se usan materiales de calidad, derivados del mundo de la escalada y el surf.Cada producto est\u00e1 sometido a pruebas extremas,&hellip;&nbsp;Leer m\u00e1s &raquo;Sobre Nosotros\" \/>\n<meta property=\"og:url\" content=\"https:\/\/traildog-pet.com\/?page_id=1806\" \/>\n<meta property=\"og:site_name\" content=\"Traildog\" \/>\n<meta property=\"article:publisher\" content=\"https:\/\/www.facebook.com\/traildogpet\" \/>\n<meta property=\"article:modified_time\" content=\"2022-07-27T12:08:39+00:00\" \/>\n<meta name=\"twitter:card\" content=\"summary_large_image\" \/>\n<meta name=\"twitter:label1\" content=\"Tiempo de lectura\" \/>\n\t<meta name=\"twitter:data1\" content=\"1 minuto\" \/>\n<script type=\"application\/ld+json\" class=\"yoast-schema-graph\">{\"@context\":\"https:\\\/\\\/schema.org\",\"@graph\":[{\"@type\":\"WebPage\",\"@id\":\"https:\\\/\\\/traildog-pet.com\\\/?page_id=1806\",\"url\":\"https:\\\/\\\/traildog-pet.com\\\/?page_id=1806\",\"name\":\"Sobre Nosotros - Traildog\",\"isPartOf\":{\"@id\":\"https:\\\/\\\/traildog-pet.com\\\/#website\"},\"datePublished\":\"2022-07-18T15:31:48+00:00\",\"dateModified\":\"2022-07-27T12:08:39+00:00\",\"breadcrumb\":{\"@id\":\"https:\\\/\\\/traildog-pet.com\\\/?page_id=1806#breadcrumb\"},\"inLanguage\":\"es\",\"potentialAction\":[{\"@type\":\"ReadAction\",\"target\":[\"https:\\\/\\\/traildog-pet.com\\\/?page_id=1806\"]}]},{\"@type\":\"BreadcrumbList\",\"@id\":\"https:\\\/\\\/traildog-pet.com\\\/?page_id=1806#breadcrumb\",\"itemListElement\":[{\"@type\":\"ListItem\",\"position\":1,\"name\":\"Portada\",\"item\":\"https:\\\/\\\/traildog-pet.com\\\/\"},{\"@type\":\"ListItem\",\"position\":2,\"name\":\"Sobre Nosotros\"}]},{\"@type\":\"WebSite\",\"@id\":\"https:\\\/\\\/traildog-pet.com\\\/#website\",\"url\":\"https:\\\/\\\/traildog-pet.com\\\/\",\"name\":\"Traildog\",\"description\":\"Traildog\",\"publisher\":{\"@id\":\"https:\\\/\\\/traildog-pet.com\\\/#organization\"},\"alternateName\":\"Equipamiento para el sector del mundo canino.\",\"potentialAction\":[{\"@type\":\"SearchAction\",\"target\":{\"@type\":\"EntryPoint\",\"urlTemplate\":\"https:\\\/\\\/traildog-pet.com\\\/?s={search_term_string}\"},\"query-input\":{\"@type\":\"PropertyValueSpecification\",\"valueRequired\":true,\"valueName\":\"search_term_string\"}}],\"inLanguage\":\"es\"},{\"@type\":\"Organization\",\"@id\":\"https:\\\/\\\/traildog-pet.com\\\/#organization\",\"name\":\"Traildog Pet Products\",\"alternateName\":\"Venta de accesorios para las mascotas, esclusivos para profesionales(Tiendas, Adiestradores, Educadores y Clinicas veterinarias.)\",\"url\":\"https:\\\/\\\/traildog-pet.com\\\/\",\"logo\":{\"@type\":\"ImageObject\",\"inLanguage\":\"es\",\"@id\":\"https:\\\/\\\/traildog-pet.com\\\/#\\\/schema\\\/logo\\\/image\\\/\",\"url\":\"https:\\\/\\\/traildog-pet.com\\\/wp-content\\\/uploads\\\/2022\\\/11\\\/TrailDog2.3.jpg\",\"contentUrl\":\"https:\\\/\\\/traildog-pet.com\\\/wp-content\\\/uploads\\\/2022\\\/11\\\/TrailDog2.3.jpg\",\"width\":596,\"height\":113,\"caption\":\"Traildog Pet Products\"},\"image\":{\"@id\":\"https:\\\/\\\/traildog-pet.com\\\/#\\\/schema\\\/logo\\\/image\\\/\"},\"sameAs\":[\"https:\\\/\\\/www.facebook.com\\\/traildogpet\",\"https:\\\/\\\/www.linkedin.com\\\/traildogPetProducts\"]}]}<\/script>\n<!-- \/ Yoast SEO plugin. -->","yoast_head_json":{"title":"Sobre Nosotros - Traildog","robots":{"index":"index","follow":"follow","max-snippet":"max-snippet:-1","max-image-preview":"max-image-preview:large","max-video-preview":"max-video-preview:-1"},"canonical":"https:\/\/traildog-pet.com\/?page_id=1806","og_locale":"es_ES","og_type":"article","og_title":"Sobre Nosotros - Traildog","og_description":"Despu\u00e9s de 17 a\u00f1os, deciden crear la marca TRAILDOG, fabricando correas y collares, y ampliando el cat\u00e1logo con diferentes arneses y juguetes.Los productos estan orientados a un \u00e1mbito deportivo y de trabajo en la naturaleza. Se usan materiales de calidad, derivados del mundo de la escalada y el surf.Cada producto est\u00e1 sometido a pruebas extremas,&hellip;&nbsp;Leer m\u00e1s &raquo;Sobre Nosotros","og_url":"https:\/\/traildog-pet.com\/?page_id=1806","og_site_name":"Traildog","article_publisher":"https:\/\/www.facebook.com\/traildogpet","article_modified_time":"2022-07-27T12:08:39+00:00","twitter_card":"summary_large_image","twitter_misc":{"Tiempo de lectura":"1 minuto"},"schema":{"@context":"https:\/\/schema.org","@graph":[{"@type":"WebPage","@id":"https:\/\/traildog-pet.com\/?page_id=1806","url":"https:\/\/traildog-pet.com\/?page_id=1806","name":"Sobre Nosotros - Traildog","isPartOf":{"@id":"https:\/\/traildog-pet.com\/#website"},"datePublished":"2022-07-18T15:31:48+00:00","dateModified":"2022-07-27T12:08:39+00:00","breadcrumb":{"@id":"https:\/\/traildog-pet.com\/?page_id=1806#breadcrumb"},"inLanguage":"es","potentialAction":[{"@type":"ReadAction","target":["https:\/\/traildog-pet.com\/?page_id=1806"]}]},{"@type":"BreadcrumbList","@id":"https:\/\/traildog-pet.com\/?page_id=1806#breadcrumb","itemListElement":[{"@type":"ListItem","position":1,"name":"Portada","item":"https:\/\/traildog-pet.com\/"},{"@type":"ListItem","position":2,"name":"Sobre Nosotros"}]},{"@type":"WebSite","@id":"https:\/\/traildog-pet.com\/#website","url":"https:\/\/traildog-pet.com\/","name":"Traildog","description":"Traildog","publisher":{"@id":"https:\/\/traildog-pet.com\/#organization"},"alternateName":"Equipamiento para el sector del mundo canino.","potentialAction":[{"@type":"SearchAction","target":{"@type":"EntryPoint","urlTemplate":"https:\/\/traildog-pet.com\/?s={search_term_string}"},"query-input":{"@type":"PropertyValueSpecification","valueRequired":true,"valueName":"search_term_string"}}],"inLanguage":"es"},{"@type":"Organization","@id":"https:\/\/traildog-pet.com\/#organization","name":"Traildog Pet Products","alternateName":"Venta de accesorios para las mascotas, esclusivos para profesionales(Tiendas, Adiestradores, Educadores y Clinicas veterinarias.)","url":"https:\/\/traildog-pet.com\/","logo":{"@type":"ImageObject","inLanguage":"es","@id":"https:\/\/traildog-pet.com\/#\/schema\/logo\/image\/","url":"https:\/\/traildog-pet.com\/wp-content\/uploads\/2022\/11\/TrailDog2.3.jpg","contentUrl":"https:\/\/traildog-pet.com\/wp-content\/uploads\/2022\/11\/TrailDog2.3.jpg","width":596,"height":113,"caption":"Traildog Pet Products"},"image":{"@id":"https:\/\/traildog-pet.com\/#\/schema\/logo\/image\/"},"sameAs":["https:\/\/www.facebook.com\/traildogpet","https:\/\/www.linkedin.com\/traildogPetProducts"]}]}},"_links":{"self":[{"href":"https:\/\/traildog-pet.com\/index.php?rest_route=\/wp\/v2\/pages\/1806","targetHints":{"allow":["GET"]}}],"collection":[{"href":"https:\/\/traildog-pet.com\/index.php?rest_route=\/wp\/v2\/pages"}],"about":[{"href":"https:\/\/traildog-pet.com\/index.php?rest_route=\/wp\/v2\/types\/page"}],"author":[{"embeddable":true,"href":"https:\/\/traildog-pet.com\/index.php?rest_route=\/wp\/v2\/users\/1"}],"replies":[{"embeddable":true,"href":"https:\/\/traildog-pet.com\/index.php?rest_route=%2Fwp%2Fv2%2Fcomments&post=1806"}],"version-history":[{"count":4,"href":"https:\/\/traildog-pet.com\/index.php?rest_route=\/wp\/v2\/pages\/1806\/revisions"}],"predecessor-version":[{"id":2012,"href":"https:\/\/traildog-pet.com\/index.php?rest_route=\/wp\/v2\/pages\/1806\/revisions\/2012"}],"wp:attachment":[{"href":"https:\/\/traildog-pet.com\/index.php?rest_route=%2Fwp%2Fv2%2Fmedia&parent=1806"}],"curies":[{"name":"wp","href":"https:\/\/api.w.org\/{rel}","templated":true}]}}