
{"id":1626,"date":"2022-07-18T15:32:18","date_gmt":"2022-07-18T15:32:18","guid":{"rendered":"https:\/\/traildog-pet.com\/?page_id=1626"},"modified":"2022-08-11T01:50:31","modified_gmt":"2022-08-11T01:50:31","slug":"reembolso_devoluciones","status":"publish","type":"page","link":"https:\/\/traildog-pet.com\/?page_id=1626","title":{"rendered":"Pol\u00edtica de Env\u00edos y Devoluciones"},"content":{"rendered":"\n<p class=\"has-medium-font-size\">Devoluciones<\/p>\n\n\n\n<p>Si no queda plenamente satisfecho, puede cambiar su producto por otro u obtener la devoluci\u00f3n total del importe salvo los gastos de env\u00edo, dentro de los 15 d\u00edas siguientes a la fecha de factura.<br>Los art\u00edculos deben encontrarse aptos para la venta, en sus embalajes originales, con todos los folletos y garant\u00edas y sin signos de deterioro, utilizaci\u00f3n o consumo.<br><strong>En caso de devoluci\u00f3n, los gastos de env\u00edo no ser\u00e1n reembolsados. Adem\u00e1s correr\u00e1 con los gastos derivados de la devoluci\u00f3n<\/strong> y ser\u00e1 el responsable de que el producto llegue en perfectas condiciones a:<br><em>TRAILDOG<br>Farall\u00f3 4<br>07590 Cala Rajada, Mallorca, Espa\u00f1<\/em>a<br>\u00a0<br>Una vez recibida la mercanc\u00eda en nuestros almacenes, y previa comprobaci\u00f3n del estado de la misma, se proceder\u00e1 al reintegro de su importe conforme a la modalidad de pago utilizada:<br>\u2022 Si el pago fue realizado a trav\u00e9s de PayPal, se le abonar\u00e1 el importe del producto menos los gastos de env\u00edo en la misma tarjeta de cr\u00e9dito.<br>\u2022 Si el pago fue realizado con targeta de credito, contra reembolso o mediante transferencia, le solicitaremos un n\u00famero de cuenta donde abonar el importe transferido menos los gastos de env\u00edo.<br><br>En cualquier caso, se admitir\u00e1 la devoluci\u00f3n de los productos defectuosos y env\u00edos err\u00f3neos, siendo TRAILDOG quien se haga cargo de los gastos de env\u00edo siempre que nos comunique esta circunstancia en el plazo de quince d\u00edas, a contar desde la fecha de factura.<br><strong>TRAILDOG no admite env\u00edos a portes debidos.<\/strong><br>Antes de iniciar el proceso de devoluci\u00f3n, debe ponerse en contacto con nosotros llamando al tel\u00e9fono (+34) 971 56 33 28 o enviando un email a info@traildog-pet.com<br><\/p>\n\n\n\n<p class=\"has-medium-font-size\">Cambios<\/p>\n\n\n\n<p>Si cuando recibe su pedido no queda satisfecho con alg\u00fan producto, tiene un plazo de quince d\u00edas, a contar desde la fecha de factura, para realizar el cambio.<br>Para comenzar el proceso de cambio, deber\u00e1 enviarnos un email a info@traildog-pet.com, o bien llamarnos al tel\u00e9fono (+34) 971 56 33 28.<br>Usted correr\u00e1 con los gastos derivados del env\u00edo del art\u00edculo hasta nuestro almac\u00e9n y ser\u00e1 el responsable de que el producto llegue en perfectas condiciones a:<\/p>\n\n\n\n<p><em>TRAILDOG<br>Farall\u00f3 4<br>07590 Cala Rajada, Mallorca, Espa\u00f1a.<\/em><br>\u00a0<br>Una vez recibida la mercanc\u00eda en nuestro almac\u00e9n, y previa comprobaci\u00f3n del estado de la misma, se proceder\u00e1 al env\u00edo del producto sustitutivo.<br>Si el pedido inicial supera los 50 \u20ac, TRAILDOG asume los portes del primer env\u00edo, pero nunca de los sucesivos motivados por el cambio.<\/p>\n","protected":false},"excerpt":{"rendered":"<p>Devoluciones Si no queda plenamente satisfecho, puede cambiar su producto por otro u obtener la devoluci\u00f3n total del importe salvo los gastos de env\u00edo, dentro de los 15 d\u00edas siguientes a la fecha de factura.Los art\u00edculos deben encontrarse aptos para la venta, en sus embalajes originales, con todos los folletos y garant\u00edas y sin signos&hellip;&nbsp;<a href=\"https:\/\/traildog-pet.com\/?page_id=1626\" rel=\"bookmark\">Leer m\u00e1s &raquo;<span class=\"screen-reader-text\">Pol\u00edtica de Env\u00edos y Devoluciones<\/span><\/a><\/p>\n","protected":false},"author":1,"featured_media":0,"parent":0,"menu_order":0,"comment_status":"closed","ping_status":"closed","template":"","meta":{"neve_meta_sidebar":"","neve_meta_container":"","neve_meta_enable_content_width":"","neve_meta_content_width":0,"neve_meta_title_alignment":"","neve_meta_author_avatar":"","neve_post_elements_order":"","neve_meta_disable_header":"","neve_meta_disable_footer":"","neve_meta_disable_title":"","footnotes":""},"class_list":["post-1626","page","type-page","status-publish","hentry"],"yoast_head":"<!-- This site is optimized with the Yoast SEO plugin v27.4 - https:\/\/yoast.com\/product\/yoast-seo-wordpress\/ -->\n<title>Pol\u00edtica de Env\u00edos y Devoluciones - Traildog<\/title>\n<meta name=\"robots\" content=\"index, follow, max-snippet:-1, max-image-preview:large, max-video-preview:-1\" \/>\n<link rel=\"canonical\" href=\"https:\/\/traildog-pet.com\/?page_id=1626\" \/>\n<meta property=\"og:locale\" content=\"es_ES\" \/>\n<meta property=\"og:type\" content=\"article\" \/>\n<meta property=\"og:title\" content=\"Pol\u00edtica de Env\u00edos y Devoluciones - Traildog\" \/>\n<meta property=\"og:description\" content=\"Devoluciones Si no queda plenamente satisfecho, puede cambiar su producto por otro u obtener la devoluci\u00f3n total del importe salvo los gastos de env\u00edo, dentro de los 15 d\u00edas siguientes a la fecha de factura.Los art\u00edculos deben encontrarse aptos para la venta, en sus embalajes originales, con todos los folletos y garant\u00edas y sin signos&hellip;&nbsp;Leer m\u00e1s &raquo;Pol\u00edtica de Env\u00edos y Devoluciones\" \/>\n<meta property=\"og:url\" content=\"https:\/\/traildog-pet.com\/?page_id=1626\" \/>\n<meta property=\"og:site_name\" content=\"Traildog\" \/>\n<meta property=\"article:publisher\" content=\"https:\/\/www.facebook.com\/traildogpet\" \/>\n<meta property=\"article:modified_time\" content=\"2022-08-11T01:50:31+00:00\" \/>\n<meta name=\"twitter:card\" content=\"summary_large_image\" \/>\n<meta name=\"twitter:label1\" content=\"Tiempo de lectura\" \/>\n\t<meta name=\"twitter:data1\" content=\"2 minutos\" \/>\n<script type=\"application\/ld+json\" class=\"yoast-schema-graph\">{\"@context\":\"https:\\\/\\\/schema.org\",\"@graph\":[{\"@type\":\"WebPage\",\"@id\":\"https:\\\/\\\/traildog-pet.com\\\/?page_id=1626\",\"url\":\"https:\\\/\\\/traildog-pet.com\\\/?page_id=1626\",\"name\":\"Pol\u00edtica de Env\u00edos y Devoluciones - Traildog\",\"isPartOf\":{\"@id\":\"https:\\\/\\\/traildog-pet.com\\\/#website\"},\"datePublished\":\"2022-07-18T15:32:18+00:00\",\"dateModified\":\"2022-08-11T01:50:31+00:00\",\"breadcrumb\":{\"@id\":\"https:\\\/\\\/traildog-pet.com\\\/?page_id=1626#breadcrumb\"},\"inLanguage\":\"es\",\"potentialAction\":[{\"@type\":\"ReadAction\",\"target\":[\"https:\\\/\\\/traildog-pet.com\\\/?page_id=1626\"]}]},{\"@type\":\"BreadcrumbList\",\"@id\":\"https:\\\/\\\/traildog-pet.com\\\/?page_id=1626#breadcrumb\",\"itemListElement\":[{\"@type\":\"ListItem\",\"position\":1,\"name\":\"Portada\",\"item\":\"https:\\\/\\\/traildog-pet.com\\\/\"},{\"@type\":\"ListItem\",\"position\":2,\"name\":\"Pol\u00edtica de Env\u00edos y Devoluciones\"}]},{\"@type\":\"WebSite\",\"@id\":\"https:\\\/\\\/traildog-pet.com\\\/#website\",\"url\":\"https:\\\/\\\/traildog-pet.com\\\/\",\"name\":\"Traildog\",\"description\":\"Traildog\",\"publisher\":{\"@id\":\"https:\\\/\\\/traildog-pet.com\\\/#organization\"},\"alternateName\":\"Equipamiento para el sector del mundo canino.\",\"potentialAction\":[{\"@type\":\"SearchAction\",\"target\":{\"@type\":\"EntryPoint\",\"urlTemplate\":\"https:\\\/\\\/traildog-pet.com\\\/?s={search_term_string}\"},\"query-input\":{\"@type\":\"PropertyValueSpecification\",\"valueRequired\":true,\"valueName\":\"search_term_string\"}}],\"inLanguage\":\"es\"},{\"@type\":\"Organization\",\"@id\":\"https:\\\/\\\/traildog-pet.com\\\/#organization\",\"name\":\"Traildog Pet Products\",\"alternateName\":\"Venta de accesorios para las mascotas, esclusivos para profesionales(Tiendas, Adiestradores, Educadores y Clinicas veterinarias.)\",\"url\":\"https:\\\/\\\/traildog-pet.com\\\/\",\"logo\":{\"@type\":\"ImageObject\",\"inLanguage\":\"es\",\"@id\":\"https:\\\/\\\/traildog-pet.com\\\/#\\\/schema\\\/logo\\\/image\\\/\",\"url\":\"https:\\\/\\\/traildog-pet.com\\\/wp-content\\\/uploads\\\/2022\\\/11\\\/TrailDog2.3.jpg\",\"contentUrl\":\"https:\\\/\\\/traildog-pet.com\\\/wp-content\\\/uploads\\\/2022\\\/11\\\/TrailDog2.3.jpg\",\"width\":596,\"height\":113,\"caption\":\"Traildog Pet Products\"},\"image\":{\"@id\":\"https:\\\/\\\/traildog-pet.com\\\/#\\\/schema\\\/logo\\\/image\\\/\"},\"sameAs\":[\"https:\\\/\\\/www.facebook.com\\\/traildogpet\",\"https:\\\/\\\/www.linkedin.com\\\/traildogPetProducts\"]}]}<\/script>\n<!-- \/ Yoast SEO plugin. -->","yoast_head_json":{"title":"Pol\u00edtica de Env\u00edos y Devoluciones - Traildog","robots":{"index":"index","follow":"follow","max-snippet":"max-snippet:-1","max-image-preview":"max-image-preview:large","max-video-preview":"max-video-preview:-1"},"canonical":"https:\/\/traildog-pet.com\/?page_id=1626","og_locale":"es_ES","og_type":"article","og_title":"Pol\u00edtica de Env\u00edos y Devoluciones - Traildog","og_description":"Devoluciones Si no queda plenamente satisfecho, puede cambiar su producto por otro u obtener la devoluci\u00f3n total del importe salvo los gastos de env\u00edo, dentro de los 15 d\u00edas siguientes a la fecha de factura.Los art\u00edculos deben encontrarse aptos para la venta, en sus embalajes originales, con todos los folletos y garant\u00edas y sin signos&hellip;&nbsp;Leer m\u00e1s &raquo;Pol\u00edtica de Env\u00edos y Devoluciones","og_url":"https:\/\/traildog-pet.com\/?page_id=1626","og_site_name":"Traildog","article_publisher":"https:\/\/www.facebook.com\/traildogpet","article_modified_time":"2022-08-11T01:50:31+00:00","twitter_card":"summary_large_image","twitter_misc":{"Tiempo de lectura":"2 minutos"},"schema":{"@context":"https:\/\/schema.org","@graph":[{"@type":"WebPage","@id":"https:\/\/traildog-pet.com\/?page_id=1626","url":"https:\/\/traildog-pet.com\/?page_id=1626","name":"Pol\u00edtica de Env\u00edos y Devoluciones - Traildog","isPartOf":{"@id":"https:\/\/traildog-pet.com\/#website"},"datePublished":"2022-07-18T15:32:18+00:00","dateModified":"2022-08-11T01:50:31+00:00","breadcrumb":{"@id":"https:\/\/traildog-pet.com\/?page_id=1626#breadcrumb"},"inLanguage":"es","potentialAction":[{"@type":"ReadAction","target":["https:\/\/traildog-pet.com\/?page_id=1626"]}]},{"@type":"BreadcrumbList","@id":"https:\/\/traildog-pet.com\/?page_id=1626#breadcrumb","itemListElement":[{"@type":"ListItem","position":1,"name":"Portada","item":"https:\/\/traildog-pet.com\/"},{"@type":"ListItem","position":2,"name":"Pol\u00edtica de Env\u00edos y Devoluciones"}]},{"@type":"WebSite","@id":"https:\/\/traildog-pet.com\/#website","url":"https:\/\/traildog-pet.com\/","name":"Traildog","description":"Traildog","publisher":{"@id":"https:\/\/traildog-pet.com\/#organization"},"alternateName":"Equipamiento para el sector del mundo canino.","potentialAction":[{"@type":"SearchAction","target":{"@type":"EntryPoint","urlTemplate":"https:\/\/traildog-pet.com\/?s={search_term_string}"},"query-input":{"@type":"PropertyValueSpecification","valueRequired":true,"valueName":"search_term_string"}}],"inLanguage":"es"},{"@type":"Organization","@id":"https:\/\/traildog-pet.com\/#organization","name":"Traildog Pet Products","alternateName":"Venta de accesorios para las mascotas, esclusivos para profesionales(Tiendas, Adiestradores, Educadores y Clinicas veterinarias.)","url":"https:\/\/traildog-pet.com\/","logo":{"@type":"ImageObject","inLanguage":"es","@id":"https:\/\/traildog-pet.com\/#\/schema\/logo\/image\/","url":"https:\/\/traildog-pet.com\/wp-content\/uploads\/2022\/11\/TrailDog2.3.jpg","contentUrl":"https:\/\/traildog-pet.com\/wp-content\/uploads\/2022\/11\/TrailDog2.3.jpg","width":596,"height":113,"caption":"Traildog Pet Products"},"image":{"@id":"https:\/\/traildog-pet.com\/#\/schema\/logo\/image\/"},"sameAs":["https:\/\/www.facebook.com\/traildogpet","https:\/\/www.linkedin.com\/traildogPetProducts"]}]}},"_links":{"self":[{"href":"https:\/\/traildog-pet.com\/index.php?rest_route=\/wp\/v2\/pages\/1626","targetHints":{"allow":["GET"]}}],"collection":[{"href":"https:\/\/traildog-pet.com\/index.php?rest_route=\/wp\/v2\/pages"}],"about":[{"href":"https:\/\/traildog-pet.com\/index.php?rest_route=\/wp\/v2\/types\/page"}],"author":[{"embeddable":true,"href":"https:\/\/traildog-pet.com\/index.php?rest_route=\/wp\/v2\/users\/1"}],"replies":[{"embeddable":true,"href":"https:\/\/traildog-pet.com\/index.php?rest_route=%2Fwp%2Fv2%2Fcomments&post=1626"}],"version-history":[{"count":4,"href":"https:\/\/traildog-pet.com\/index.php?rest_route=\/wp\/v2\/pages\/1626\/revisions"}],"predecessor-version":[{"id":2118,"href":"https:\/\/traildog-pet.com\/index.php?rest_route=\/wp\/v2\/pages\/1626\/revisions\/2118"}],"wp:attachment":[{"href":"https:\/\/traildog-pet.com\/index.php?rest_route=%2Fwp%2Fv2%2Fmedia&parent=1626"}],"curies":[{"name":"wp","href":"https:\/\/api.w.org\/{rel}","templated":true}]}}